{"id":4852,"date":"2023-09-08T05:46:09","date_gmt":"2023-09-08T05:46:09","guid":{"rendered":"https:\/\/panamamissionindia.com\/?page_id=4852"},"modified":"2023-09-08T05:46:09","modified_gmt":"2023-09-08T05:46:09","slug":"siembra-de-arbol-y-charla-ambiental","status":"publish","type":"page","link":"https:\/\/panamamissionindia.com\/oldnews\/siembra-de-arbol-y-charla-ambiental\/","title":{"rendered":"SIEMBRA DE \u00c1RBOL Y CHARLA AMBIENTAL"},"content":{"rendered":"<p>[vc_row][vc_column]<style type=\"text\/css\" data-type=\"the7_shortcodes-inline-css\">.gallery-carousel-shortcode.gallery-carousel-shortcode-id-a1b5e1f7fa117c9f1cdea11d771ac8fa .owl-nav a {\n  width: 36px;\n  height: 36px;\n  border-radius: 500px;\n}\n.dt-arrow-border-on.gallery-carousel-shortcode.gallery-carousel-shortcode-id-a1b5e1f7fa117c9f1cdea11d771ac8fa .owl-nav a:not(:hover):before {\n  border-width: 0px;\n}\n.dt-arrow-hover-border-on.gallery-carousel-shortcode.gallery-carousel-shortcode-id-a1b5e1f7fa117c9f1cdea11d771ac8fa .owl-nav a:hover:after {\n  border-width: 0px;\n}\n.gallery-carousel-shortcode.gallery-carousel-shortcode-id-a1b5e1f7fa117c9f1cdea11d771ac8fa .owl-nav a.owl-prev {\n  top: 50%;\n  transform: translateY(calc(-50% + 0px));\n  left: -43px;\n}\n@media all and (-ms-high-contrast: none) {\n  .gallery-carousel-shortcode.gallery-carousel-shortcode-id-a1b5e1f7fa117c9f1cdea11d771ac8fa .owl-nav a.owl-prev {\n    transform: translateY(-50%);\n    margin-top: 0px;\n  }\n}\n.gallery-carousel-shortcode.gallery-carousel-shortcode-id-a1b5e1f7fa117c9f1cdea11d771ac8fa .owl-nav a.owl-prev i {\n  padding: 0px 0px 0px 0px;\n}\n.gallery-carousel-shortcode.gallery-carousel-shortcode-id-a1b5e1f7fa117c9f1cdea11d771ac8fa .owl-nav a.owl-next {\n  top: 50%;\n  transform: translateY(calc(-50% + 0px));\n  right: -43px;\n}\n@media all and (-ms-high-contrast: none) {\n  .gallery-carousel-shortcode.gallery-carousel-shortcode-id-a1b5e1f7fa117c9f1cdea11d771ac8fa .owl-nav a.owl-next {\n    transform: translateY(-50%);\n    margin-top: 0px;\n  }\n}\n.gallery-carousel-shortcode.gallery-carousel-shortcode-id-a1b5e1f7fa117c9f1cdea11d771ac8fa .owl-nav a.owl-next i {\n  padding: 0px 0px 0px 0px;\n}\n.gallery-carousel-shortcode.gallery-carousel-shortcode-id-a1b5e1f7fa117c9f1cdea11d771ac8fa .owl-nav i {\n  font-size: 18px;\n}\n.gallery-carousel-shortcode.gallery-carousel-shortcode-id-a1b5e1f7fa117c9f1cdea11d771ac8fa .owl-nav a:not(:hover) i,\n.gallery-carousel-shortcode.gallery-carousel-shortcode-id-a1b5e1f7fa117c9f1cdea11d771ac8fa .owl-nav a:not(:hover) i:before {\n  color: #ffffff;\n  background: none;\n}\n.gallery-carousel-shortcode.gallery-carousel-shortcode-id-a1b5e1f7fa117c9f1cdea11d771ac8fa .owl-nav a:hover i,\n.gallery-carousel-shortcode.gallery-carousel-shortcode-id-a1b5e1f7fa117c9f1cdea11d771ac8fa .owl-nav a:hover i:before {\n  color: rgba(255,255,255,0.75);\n  background: none;\n}\n.gallery-carousel-shortcode.gallery-carousel-shortcode-id-a1b5e1f7fa117c9f1cdea11d771ac8fa .owl-dots {\n  top: calc(100% + 20px);\n  left: 50%;\n  transform: translateX(calc(-50% + 0px));\n}\n@media all and (-ms-high-contrast: none) {\n  .gallery-carousel-shortcode.gallery-carousel-shortcode-id-a1b5e1f7fa117c9f1cdea11d771ac8fa .owl-dots {\n    transform: translateX(-50%);\n    margin-left: 0px;\n  }\n}\n.gallery-carousel-shortcode.gallery-carousel-shortcode-id-a1b5e1f7fa117c9f1cdea11d771ac8fa .owl-dot {\n  width: 10px;\n  height: 10px;\n  margin: 0 8px;\n}\n@media screen and (max-width: 778px) {\n  .gallery-carousel-shortcode.gallery-carousel-shortcode-id-a1b5e1f7fa117c9f1cdea11d771ac8fa.hide-arrows .owl-nav a {\n    display: none;\n  }\n}\n@media screen and (max-width: 778px) {\n  .gallery-carousel-shortcode.gallery-carousel-shortcode-id-a1b5e1f7fa117c9f1cdea11d771ac8fa.reposition-arrows .owl-nav .owl-prev {\n    top: 50%;\n    transform: translateY(calc(-50% + 0px));\n    left: 10px;\n  }\n  .gallery-carousel-shortcode.gallery-carousel-shortcode-id-a1b5e1f7fa117c9f1cdea11d771ac8fa.reposition-arrows .owl-nav .owl-next {\n    top: 50%;\n    transform: translateY(calc(-50% + 0px));\n    right: 10px;\n  }\n}\n@media screen and (max-width: 778px) and all and (-ms-high-contrast: none) {\n  .gallery-carousel-shortcode.gallery-carousel-shortcode-id-a1b5e1f7fa117c9f1cdea11d771ac8fa.reposition-arrows .owl-nav .owl-prev {\n    transform: translateY(-50%);\n    margin-top: 0px;\n  }\n}\n@media screen and (max-width: 778px) and all and (-ms-high-contrast: none) {\n  .gallery-carousel-shortcode.gallery-carousel-shortcode-id-a1b5e1f7fa117c9f1cdea11d771ac8fa.reposition-arrows .owl-nav .owl-next {\n    transform: translateY(-50%);\n    margin-top: 0px;\n  }\n}\n.gallery-carousel-shortcode.gallery-carousel-shortcode-id-a1b5e1f7fa117c9f1cdea11d771ac8fa figure,\n.gallery-carousel-shortcode.gallery-carousel-shortcode-id-a1b5e1f7fa117c9f1cdea11d771ac8fa .rollover,\n.gallery-carousel-shortcode.gallery-carousel-shortcode-id-a1b5e1f7fa117c9f1cdea11d771ac8fa img,\n.gallery-carousel-shortcode.gallery-carousel-shortcode-id-a1b5e1f7fa117c9f1cdea11d771ac8fa .gallery-rollover {\n  border-radius: 0px;\n}\n.gallery-carousel-shortcode.gallery-carousel-shortcode-id-a1b5e1f7fa117c9f1cdea11d771ac8fa.enable-bg-rollover .gallery-rollover {\n  background: -webkit-linear-gradient();\n  background: linear-gradient();\n}\n.gallery-carousel-shortcode.gallery-carousel-shortcode-id-a1b5e1f7fa117c9f1cdea11d771ac8fa.enable-img-shadow .owl-stage-outer {\n  padding: 14px 0;\n}\n.gallery-carousel-shortcode.gallery-carousel-shortcode-id-a1b5e1f7fa117c9f1cdea11d771ac8fa.enable-bg-rollover.hover-scale figure .rollover:after {\n  background: -webkit-linear-gradient();\n  background: linear-gradient();\n}\n.gallery-carousel-shortcode.gallery-carousel-shortcode-id-a1b5e1f7fa117c9f1cdea11d771ac8fa.gallery-shortcode .gallery-zoom-ico {\n  width: 44px;\n  height: 44px;\n  line-height: 44px;\n  border-radius: 100px;\n  margin: -22px 0 0 -22px;\n  border-width: 0px;\n}\n.dt-icon-bg-on.gallery-carousel-shortcode.gallery-carousel-shortcode-id-a1b5e1f7fa117c9f1cdea11d771ac8fa.gallery-shortcode .gallery-zoom-ico {\n  background: rgba(255,255,255,0.3);\n  box-shadow: none;\n}\n.gallery-carousel-shortcode.gallery-carousel-shortcode-id-a1b5e1f7fa117c9f1cdea11d771ac8fa.gallery-shortcode .gallery-zoom-ico:before,\n.gallery-carousel-shortcode.gallery-carousel-shortcode-id-a1b5e1f7fa117c9f1cdea11d771ac8fa.gallery-shortcode .gallery-zoom-ico span {\n  font-size: 32px;\n  line-height: 44px;\n  color: #ffffff;\n  background: none;\n}\n<\/style><div class=\"owl-carousel gallery-carousel-shortcode gallery-shortcode  dt-gallery-container dt-owl-carousel-call gallery-carousel-shortcode-id-a1b5e1f7fa117c9f1cdea11d771ac8fa quick-scale-img enable-bg-rollover meta-info-off dt-arrow-border-on dt-arrow-hover-border-on bullets-small-dot-stroke reposition-arrows dt-icon-bg-off arrows-bg-on disable-arrows-hover-bg arrows-hover-bg-on  hover-fade \" data-scroll-mode=\"1\" data-col-num=\"1\" data-wide-col-num=\"1\" data-laptop-col=\"1\" data-h-tablet-columns-num=\"1\" data-v-tablet-columns-num=\"1\" data-phone-columns-num=\"1\" data-col-gap=\"10\" data-stage-padding=\"0\" data-speed=\"600\" data-autoplay=\"false\" data-autoplay_speed=\"6000\" data-arrows=\"true\" data-bullet=\"false\" data-next-icon=\"icon-ar-017-r\" data-prev-icon=\"icon-ar-017-l\" data-img-shadow-size=\"12px\" data-img-shadow-spread=\"3px\"><div data-post-id=\"4853\" data-date=\"2023-09-08T05:41:27+00:00\" data-name=\"1\"><figure class=\"post\"><a href=\"https:\/\/panamamissionindia.com\/oldnews\/wp-content\/uploads\/2023\/09\/1-2.jpg\" class=\"rollover dt-pswp-item layzr-bg\" data-large_image_width=\"960\" data-large_image_height=\"1280\" data-dt-img-description=\"\" title=\"1\"><img loading=\"lazy\" decoding=\"async\" class=\"preload-me owl-lazy-load\" src=\"data:image\/svg+xml,%3Csvg%20xmlns%3D&#39;http%3A%2F%2Fwww.w3.org%2F2000%2Fsvg&#39;%20viewBox%3D&#39;0%200%20960%20720&#39;%2F%3E\" data-src=\"https:\/\/panamamissionindia.com\/oldnews\/wp-content\/uploads\/2023\/09\/1-2-960x720.jpg\" data-srcset=\"https:\/\/panamamissionindia.com\/oldnews\/wp-content\/uploads\/2023\/09\/1-2-960x720.jpg 960w\" alt=\"\" width=\"960\" height=\"720\"  \/><span class=\"gallery-rollover\"><span class=\"gallery-zoom-ico icomoon-the7-font-the7-zoom-06\"><span><\/span><\/span><\/span><\/a><\/figure><\/div><\/div>[vc_empty_space][vc_column_text]<strong>SIEMBRA DE \u00c1RBOL Y CHARLA AMBIENTAL<\/strong><\/p>\n<h6>Sep 08,2023<\/h6>\n<p>La Embajadora Yasiel Burillo particip\u00f3 en la Siembra de \u00c1rboles del Colegio SSV, en el acto la Embajadora tuvo la oportunidad de hablar con estudiantes de la carrera de Ingenier\u00eda Ambiental e informarles de los avances de Panam\u00e1 en estos temas. La charla se prest\u00f3 para una sesi\u00f3n interesante de preguntas y respuesta con gran inter\u00e9s por parte de los estudiantes.<\/p>\n<p><strong>PLANTING OF TREE AND ENVIRONMENT TALK<\/strong><\/p>\n<p>Ambassador Yasiel Burillo participated in the Tree Planting of the SSV School, in which the Ambassador had the opportunity to speak with students of the Environmental Engineering bachelor and tell them about Panama&#8217;s progress on these matters. The talk lent itself to an interesting question and answer session with great interest from the students.<\/p>\n<div class=\"heateor_sss_sharing_container heateor_sss_horizontal_sharing\" data-heateor-ss-offset=\"0\" data-heateor-sss-href='https:\/\/panamamissionindia.com\/oldnews\/siembra-de-arbol-y-charla-ambiental\/'><div class=\"heateor_sss_sharing_ul\"><a aria-label=\"Facebook\" class=\"heateor_sss_facebook\" href=\"https:\/\/www.facebook.com\/sharer\/sharer.php?u=https%3A%2F%2Fpanamamissionindia.com%2Foldnews%2Fsiembra-de-arbol-y-charla-ambiental%2F\" title=\"Facebook\" rel=\"nofollow noopener\" target=\"_blank\" style=\"font-size:32px!important;box-shadow:none;display:inline-block;vertical-align:middle\"><span class=\"heateor_sss_svg\" style=\"background-color:#0765FE;width:35px;height:35px;border-radius:999px;display:inline-block;opacity:1;float:left;font-size:32px;box-shadow:none;display:inline-block;font-size:16px;padding:0 4px;vertical-align:middle;background-repeat:repeat;overflow:hidden;padding:0;cursor:pointer;box-sizing:content-box\"><svg style=\"display:block;border-radius:999px;\" focusable=\"false\" aria-hidden=\"true\" xmlns=\"http:\/\/www.w3.org\/2000\/svg\" width=\"100%\" height=\"100%\" viewBox=\"0 0 32 32\"><path fill=\"#fff\" d=\"M28 16c0-6.627-5.373-12-12-12S4 9.373 4 16c0 5.628 3.875 10.35 9.101 11.647v-7.98h-2.474V16H13.1v-1.58c0-4.085 1.849-5.978 5.859-5.978.76 0 2.072.15 2.608.298v3.325c-.283-.03-.775-.045-1.386-.045-1.967 0-2.728.745-2.728 2.683V16h3.92l-.673 3.667h-3.247v8.245C23.395 27.195 28 22.135 28 16Z\"><\/path><\/svg><\/span><\/a><a aria-label=\"Twitter\" class=\"heateor_sss_button_twitter\" href=\"http:\/\/twitter.com\/intent\/tweet?text=SIEMBRA%20DE%20%C3%81RBOL%20Y%20CHARLA%20AMBIENTAL&url=https%3A%2F%2Fpanamamissionindia.com%2Foldnews%2Fsiembra-de-arbol-y-charla-ambiental%2F\" title=\"Twitter\" rel=\"nofollow noopener\" target=\"_blank\" style=\"font-size:32px!important;box-shadow:none;display:inline-block;vertical-align:middle\"><span class=\"heateor_sss_svg heateor_sss_s__default heateor_sss_s_twitter\" style=\"background-color:#55acee;width:35px;height:35px;border-radius:999px;display:inline-block;opacity:1;float:left;font-size:32px;box-shadow:none;display:inline-block;font-size:16px;padding:0 4px;vertical-align:middle;background-repeat:repeat;overflow:hidden;padding:0;cursor:pointer;box-sizing:content-box\"><svg style=\"display:block;border-radius:999px;\" focusable=\"false\" aria-hidden=\"true\" xmlns=\"http:\/\/www.w3.org\/2000\/svg\" width=\"100%\" height=\"100%\" viewBox=\"-4 -4 39 39\"><path d=\"M28 8.557a9.913 9.913 0 0 1-2.828.775 4.93 4.93 0 0 0 2.166-2.725 9.738 9.738 0 0 1-3.13 1.194 4.92 4.92 0 0 0-3.593-1.55 4.924 4.924 0 0 0-4.794 6.049c-4.09-.21-7.72-2.17-10.15-5.15a4.942 4.942 0 0 0-.665 2.477c0 1.71.87 3.214 2.19 4.1a4.968 4.968 0 0 1-2.23-.616v.06c0 2.39 1.7 4.38 3.952 4.83-.414.115-.85.174-1.297.174-.318 0-.626-.03-.928-.086a4.935 4.935 0 0 0 4.6 3.42 9.893 9.893 0 0 1-6.114 2.107c-.398 0-.79-.023-1.175-.068a13.953 13.953 0 0 0 7.55 2.213c9.056 0 14.01-7.507 14.01-14.013 0-.213-.005-.426-.015-.637.96-.695 1.795-1.56 2.455-2.55z\" fill=\"#fff\"><\/path><\/svg><\/span><\/a><a aria-label=\"Linkedin\" class=\"heateor_sss_button_linkedin\" href=\"https:\/\/www.linkedin.com\/sharing\/share-offsite\/?url=https%3A%2F%2Fpanamamissionindia.com%2Foldnews%2Fsiembra-de-arbol-y-charla-ambiental%2F\" title=\"Linkedin\" rel=\"nofollow noopener\" target=\"_blank\" style=\"font-size:32px!important;box-shadow:none;display:inline-block;vertical-align:middle\"><span class=\"heateor_sss_svg heateor_sss_s__default heateor_sss_s_linkedin\" style=\"background-color:#0077b5;width:35px;height:35px;border-radius:999px;display:inline-block;opacity:1;float:left;font-size:32px;box-shadow:none;display:inline-block;font-size:16px;padding:0 4px;vertical-align:middle;background-repeat:repeat;overflow:hidden;padding:0;cursor:pointer;box-sizing:content-box\"><svg style=\"display:block;border-radius:999px;\" focusable=\"false\" aria-hidden=\"true\" xmlns=\"http:\/\/www.w3.org\/2000\/svg\" width=\"100%\" height=\"100%\" viewBox=\"0 0 32 32\"><path d=\"M6.227 12.61h4.19v13.48h-4.19V12.61zm2.095-6.7a2.43 2.43 0 0 1 0 4.86c-1.344 0-2.428-1.09-2.428-2.43s1.084-2.43 2.428-2.43m4.72 6.7h4.02v1.84h.058c.56-1.058 1.927-2.176 3.965-2.176 4.238 0 5.02 2.792 5.02 6.42v7.395h-4.183v-6.56c0-1.564-.03-3.574-2.178-3.574-2.18 0-2.514 1.7-2.514 3.46v6.668h-4.187V12.61z\" fill=\"#fff\"><\/path><\/svg><\/span><\/a><a aria-label=\"Pinterest\" class=\"heateor_sss_button_pinterest\" href=\"https:\/\/panamamissionindia.com\/oldnews\/siembra-de-arbol-y-charla-ambiental\/\" onclick=\"event.preventDefault();javascript:void( (function() {var e=document.createElement('script' );e.setAttribute('type','text\/javascript' );e.setAttribute('charset','UTF-8' );e.setAttribute('src','\/\/assets.pinterest.com\/js\/pinmarklet.js?r='+Math.random()*99999999);document.body.appendChild(e)})());\" title=\"Pinterest\" rel=\"nofollow noopener\" style=\"font-size:32px!important;box-shadow:none;display:inline-block;vertical-align:middle\"><span class=\"heateor_sss_svg heateor_sss_s__default heateor_sss_s_pinterest\" style=\"background-color:#cc2329;width:35px;height:35px;border-radius:999px;display:inline-block;opacity:1;float:left;font-size:32px;box-shadow:none;display:inline-block;font-size:16px;padding:0 4px;vertical-align:middle;background-repeat:repeat;overflow:hidden;padding:0;cursor:pointer;box-sizing:content-box\"><svg style=\"display:block;border-radius:999px;\" focusable=\"false\" aria-hidden=\"true\" xmlns=\"http:\/\/www.w3.org\/2000\/svg\" width=\"100%\" height=\"100%\" viewBox=\"-2 -2 35 35\"><path fill=\"#fff\" d=\"M16.539 4.5c-6.277 0-9.442 4.5-9.442 8.253 0 2.272.86 4.293 2.705 5.046.303.125.574.005.662-.33.061-.231.205-.816.27-1.06.088-.331.053-.447-.191-.736-.532-.627-.873-1.439-.873-2.591 0-3.338 2.498-6.327 6.505-6.327 3.548 0 5.497 2.168 5.497 5.062 0 3.81-1.686 7.025-4.188 7.025-1.382 0-2.416-1.142-2.085-2.545.397-1.674 1.166-3.48 1.166-4.689 0-1.081-.581-1.983-1.782-1.983-1.413 0-2.548 1.462-2.548 3.419 0 1.247.421 2.091.421 2.091l-1.699 7.199c-.505 2.137-.076 4.755-.039 5.019.021.158.223.196.314.077.13-.17 1.813-2.247 2.384-4.324.162-.587.929-3.631.929-3.631.46.876 1.801 1.646 3.227 1.646 4.247 0 7.128-3.871 7.128-9.053.003-3.918-3.317-7.568-8.361-7.568z\"\/><\/svg><\/span><\/a><a aria-label=\"Whatsapp\" class=\"heateor_sss_whatsapp\" href=\"https:\/\/api.whatsapp.com\/send?text=SIEMBRA%20DE%20%C3%81RBOL%20Y%20CHARLA%20AMBIENTAL https%3A%2F%2Fpanamamissionindia.com%2Foldnews%2Fsiembra-de-arbol-y-charla-ambiental%2F\" title=\"Whatsapp\" rel=\"nofollow noopener\" target=\"_blank\" style=\"font-size:32px!important;box-shadow:none;display:inline-block;vertical-align:middle\"><span class=\"heateor_sss_svg\" style=\"background-color:#55eb4c;width:35px;height:35px;border-radius:999px;display:inline-block;opacity:1;float:left;font-size:32px;box-shadow:none;display:inline-block;font-size:16px;padding:0 4px;vertical-align:middle;background-repeat:repeat;overflow:hidden;padding:0;cursor:pointer;box-sizing:content-box\"><svg style=\"display:block;border-radius:999px;\" focusable=\"false\" aria-hidden=\"true\" xmlns=\"http:\/\/www.w3.org\/2000\/svg\" width=\"100%\" height=\"100%\" viewBox=\"-6 -5 40 40\"><path class=\"heateor_sss_svg_stroke heateor_sss_no_fill\" stroke=\"#fff\" stroke-width=\"2\" fill=\"none\" d=\"M 11.579798566743314 24.396926207859085 A 10 10 0 1 0 6.808479557110079 20.73576436351046\"><\/path><path d=\"M 7 19 l -1 6 l 6 -1\" class=\"heateor_sss_no_fill heateor_sss_svg_stroke\" stroke=\"#fff\" stroke-width=\"2\" fill=\"none\"><\/path><path d=\"M 10 10 q -1 8 8 11 c 5 -1 0 -6 -1 -3 q -4 -3 -5 -5 c 4 -2 -1 -5 -1 -4\" fill=\"#fff\"><\/path><\/svg><\/span><\/a><\/div><div class=\"heateorSssClear\"><\/div><\/div>[\/vc_column_text][\/vc_column][\/vc_row]<\/p>\n","protected":false},"excerpt":{"rendered":"<p>[vc_row][vc_column][vc_empty_space][vc_column_text]SIEMBRA DE \u00c1RBOL Y CHARLA AMBIENTAL Sep 08,2023 La Embajadora Yasiel Burillo particip\u00f3 en la Siembra de \u00c1rboles del Colegio SSV, en el acto la Embajadora tuvo la oportunidad de hablar con estudiantes de la carrera de Ingenier\u00eda Ambiental e informarles de los avances de Panam\u00e1 en estos temas. La charla se prest\u00f3 para una&hellip;<\/p>\n","protected":false},"author":1,"featured_media":0,"parent":0,"menu_order":0,"comment_status":"closed","ping_status":"closed","template":"","meta":{"_themeisle_gutenberg_block_has_review":false},"class_list":["post-4852","page","type-page","status-publish","hentry","description-off"],"yoast_head":"<!-- This site is optimized with the Yoast SEO plugin v22.5 - https:\/\/yoast.com\/wordpress\/plugins\/seo\/ -->\n<title>SIEMBRA DE \u00c1RBOL Y CHARLA AMBIENTAL - Panama Consulate<\/title>\n<meta name=\"robots\" content=\"index, follow, max-snippet:-1, max-image-preview:large, max-video-preview:-1\" \/>\n<link rel=\"canonical\" href=\"https:\/\/panamamissionindia.com\/oldnews\/siembra-de-arbol-y-charla-ambiental\/\" \/>\n<meta property=\"og:locale\" content=\"en_US\" \/>\n<meta property=\"og:type\" content=\"article\" \/>\n<meta property=\"og:title\" content=\"SIEMBRA DE \u00c1RBOL Y CHARLA AMBIENTAL - Panama Consulate\" \/>\n<meta property=\"og:description\" content=\"[vc_row][vc_column][vc_empty_space][vc_column_text]SIEMBRA DE \u00c1RBOL Y CHARLA AMBIENTAL Sep 08,2023 La Embajadora Yasiel Burillo particip\u00f3 en la Siembra de \u00c1rboles del Colegio SSV, en el acto la Embajadora tuvo la oportunidad de hablar con estudiantes de la carrera de Ingenier\u00eda Ambiental e informarles de los avances de Panam\u00e1 en estos temas. La charla se prest\u00f3 para una&hellip;\" \/>\n<meta property=\"og:url\" content=\"https:\/\/panamamissionindia.com\/oldnews\/siembra-de-arbol-y-charla-ambiental\/\" \/>\n<meta property=\"og:site_name\" content=\"Panama Consulate\" \/>\n<meta property=\"og:image\" content=\"https:\/\/panamamissionindia.com\/oldnews\/wp-content\/uploads\/2023\/09\/1-2.jpg\" \/>\n\t<meta property=\"og:image:width\" content=\"960\" \/>\n\t<meta property=\"og:image:height\" content=\"1280\" \/>\n\t<meta property=\"og:image:type\" content=\"image\/jpeg\" \/>\n<meta name=\"twitter:card\" content=\"summary_large_image\" \/>\n<meta name=\"twitter:image\" content=\"https:\/\/panamamissionindia.com\/oldnews\/wp-content\/uploads\/2023\/09\/1-2.jpg\" \/>\n<meta name=\"twitter:label1\" content=\"Est. reading time\" \/>\n\t<meta name=\"twitter:data1\" content=\"1 minute\" \/>\n<script type=\"application\/ld+json\" class=\"yoast-schema-graph\">{\"@context\":\"https:\/\/schema.org\",\"@graph\":[{\"@type\":\"WebPage\",\"@id\":\"https:\/\/panamamissionindia.com\/oldnews\/siembra-de-arbol-y-charla-ambiental\/\",\"url\":\"https:\/\/panamamissionindia.com\/oldnews\/siembra-de-arbol-y-charla-ambiental\/\",\"name\":\"SIEMBRA DE \u00c1RBOL Y CHARLA AMBIENTAL - Panama Consulate\",\"isPartOf\":{\"@id\":\"https:\/\/panamamissionindia.com\/oldnews\/#website\"},\"datePublished\":\"2023-09-08T05:46:09+00:00\",\"dateModified\":\"2023-09-08T05:46:09+00:00\",\"breadcrumb\":{\"@id\":\"https:\/\/panamamissionindia.com\/oldnews\/siembra-de-arbol-y-charla-ambiental\/#breadcrumb\"},\"inLanguage\":\"en-US\",\"potentialAction\":[{\"@type\":\"ReadAction\",\"target\":[\"https:\/\/panamamissionindia.com\/oldnews\/siembra-de-arbol-y-charla-ambiental\/\"]}]},{\"@type\":\"BreadcrumbList\",\"@id\":\"https:\/\/panamamissionindia.com\/oldnews\/siembra-de-arbol-y-charla-ambiental\/#breadcrumb\",\"itemListElement\":[{\"@type\":\"ListItem\",\"position\":1,\"name\":\"Home\",\"item\":\"https:\/\/panamamissionindia.com\/oldnews\/\"},{\"@type\":\"ListItem\",\"position\":2,\"name\":\"SIEMBRA DE \u00c1RBOL Y CHARLA AMBIENTAL\"}]},{\"@type\":\"WebSite\",\"@id\":\"https:\/\/panamamissionindia.com\/oldnews\/#website\",\"url\":\"https:\/\/panamamissionindia.com\/oldnews\/\",\"name\":\"Panama Consulate\",\"description\":\"Panama Consulate Mumbai\",\"potentialAction\":[{\"@type\":\"SearchAction\",\"target\":{\"@type\":\"EntryPoint\",\"urlTemplate\":\"https:\/\/panamamissionindia.com\/oldnews\/?s={search_term_string}\"},\"query-input\":\"required name=search_term_string\"}],\"inLanguage\":\"en-US\"}]}<\/script>\n<!-- \/ Yoast SEO plugin. -->","yoast_head_json":{"title":"SIEMBRA DE \u00c1RBOL Y CHARLA AMBIENTAL - Panama Consulate","robots":{"index":"index","follow":"follow","max-snippet":"max-snippet:-1","max-image-preview":"max-image-preview:large","max-video-preview":"max-video-preview:-1"},"canonical":"https:\/\/panamamissionindia.com\/oldnews\/siembra-de-arbol-y-charla-ambiental\/","og_locale":"en_US","og_type":"article","og_title":"SIEMBRA DE \u00c1RBOL Y CHARLA AMBIENTAL - Panama Consulate","og_description":"[vc_row][vc_column][vc_empty_space][vc_column_text]SIEMBRA DE \u00c1RBOL Y CHARLA AMBIENTAL Sep 08,2023 La Embajadora Yasiel Burillo particip\u00f3 en la Siembra de \u00c1rboles del Colegio SSV, en el acto la Embajadora tuvo la oportunidad de hablar con estudiantes de la carrera de Ingenier\u00eda Ambiental e informarles de los avances de Panam\u00e1 en estos temas. La charla se prest\u00f3 para una&hellip;","og_url":"https:\/\/panamamissionindia.com\/oldnews\/siembra-de-arbol-y-charla-ambiental\/","og_site_name":"Panama Consulate","og_image":[{"width":960,"height":1280,"url":"https:\/\/panamamissionindia.com\/oldnews\/wp-content\/uploads\/2023\/09\/1-2.jpg","type":"image\/jpeg"}],"twitter_card":"summary_large_image","twitter_image":"https:\/\/panamamissionindia.com\/oldnews\/wp-content\/uploads\/2023\/09\/1-2.jpg","twitter_misc":{"Est. reading time":"1 minute"},"schema":{"@context":"https:\/\/schema.org","@graph":[{"@type":"WebPage","@id":"https:\/\/panamamissionindia.com\/oldnews\/siembra-de-arbol-y-charla-ambiental\/","url":"https:\/\/panamamissionindia.com\/oldnews\/siembra-de-arbol-y-charla-ambiental\/","name":"SIEMBRA DE \u00c1RBOL Y CHARLA AMBIENTAL - Panama Consulate","isPartOf":{"@id":"https:\/\/panamamissionindia.com\/oldnews\/#website"},"datePublished":"2023-09-08T05:46:09+00:00","dateModified":"2023-09-08T05:46:09+00:00","breadcrumb":{"@id":"https:\/\/panamamissionindia.com\/oldnews\/siembra-de-arbol-y-charla-ambiental\/#breadcrumb"},"inLanguage":"en-US","potentialAction":[{"@type":"ReadAction","target":["https:\/\/panamamissionindia.com\/oldnews\/siembra-de-arbol-y-charla-ambiental\/"]}]},{"@type":"BreadcrumbList","@id":"https:\/\/panamamissionindia.com\/oldnews\/siembra-de-arbol-y-charla-ambiental\/#breadcrumb","itemListElement":[{"@type":"ListItem","position":1,"name":"Home","item":"https:\/\/panamamissionindia.com\/oldnews\/"},{"@type":"ListItem","position":2,"name":"SIEMBRA DE \u00c1RBOL Y CHARLA AMBIENTAL"}]},{"@type":"WebSite","@id":"https:\/\/panamamissionindia.com\/oldnews\/#website","url":"https:\/\/panamamissionindia.com\/oldnews\/","name":"Panama Consulate","description":"Panama Consulate Mumbai","potentialAction":[{"@type":"SearchAction","target":{"@type":"EntryPoint","urlTemplate":"https:\/\/panamamissionindia.com\/oldnews\/?s={search_term_string}"},"query-input":"required name=search_term_string"}],"inLanguage":"en-US"}]}},"_links":{"self":[{"href":"https:\/\/panamamissionindia.com\/oldnews\/wp-json\/wp\/v2\/pages\/4852","targetHints":{"allow":["GET"]}}],"collection":[{"href":"https:\/\/panamamissionindia.com\/oldnews\/wp-json\/wp\/v2\/pages"}],"about":[{"href":"https:\/\/panamamissionindia.com\/oldnews\/wp-json\/wp\/v2\/types\/page"}],"author":[{"embeddable":true,"href":"https:\/\/panamamissionindia.com\/oldnews\/wp-json\/wp\/v2\/users\/1"}],"replies":[{"embeddable":true,"href":"https:\/\/panamamissionindia.com\/oldnews\/wp-json\/wp\/v2\/comments?post=4852"}],"version-history":[{"count":3,"href":"https:\/\/panamamissionindia.com\/oldnews\/wp-json\/wp\/v2\/pages\/4852\/revisions"}],"predecessor-version":[{"id":4864,"href":"https:\/\/panamamissionindia.com\/oldnews\/wp-json\/wp\/v2\/pages\/4852\/revisions\/4864"}],"wp:attachment":[{"href":"https:\/\/panamamissionindia.com\/oldnews\/wp-json\/wp\/v2\/media?parent=4852"}],"curies":[{"name":"wp","href":"https:\/\/api.w.org\/{rel}","templated":true}]}}