{"id":4803,"date":"2023-08-11T12:08:45","date_gmt":"2023-08-11T12:08:45","guid":{"rendered":"https:\/\/panamamissionindia.com\/?page_id=4803"},"modified":"2023-08-11T12:54:57","modified_gmt":"2023-08-11T12:54:57","slug":"exhibicion-de-molas-panamenas-en-el-museo-de-bihar","status":"publish","type":"page","link":"https:\/\/panamamissionindia.com\/oldnews\/exhibicion-de-molas-panamenas-en-el-museo-de-bihar\/","title":{"rendered":"EXHIBICI\u00d3N DE MOLAS  PANAME\u00d1AS EN EL MUSEO DE BIHAR"},"content":{"rendered":"<p>[vc_row][vc_column][vc_column_text]<\/p>\n<div style=\"width: 800px;\" class=\"wp-video\"><video class=\"wp-video-shortcode\" id=\"video-4803-1\" width=\"800\" height=\"400\" preload=\"metadata\" controls=\"controls\"><source type=\"video\/mp4\" src=\"https:\/\/panamamissionindia.com\/wp-content\/uploads\/2023\/08\/Video.mp4?_=1\" \/><a href=\"https:\/\/panamamissionindia.com\/wp-content\/uploads\/2023\/08\/Video.mp4\">https:\/\/panamamissionindia.com\/wp-content\/uploads\/2023\/08\/Video.mp4<\/a><\/video><\/div>\n<p>[\/vc_column_text][vc_empty_space][vc_column_text]<strong>EXHIBICI\u00d3N DE MOLAS PANAME\u00d1AS EN EL MUSEO DE BIHAR<\/strong><\/p>\n<h6>Aug 10,2023<\/h6>\n<p>La inauguraci\u00f3n del evento &#8220;D\u00cdA DE LA FUNDACI\u00d3N DEL MUSEO DE BIHAR&#8221;, fue todo un \u00e9xito, cont\u00f3 con las palabras de apertura por parte de S.E. SHRI NITISH KUMAR, Ministro de Estado. Asimismo, estuvieron reunidos los pa\u00edses amigos y miembros del G20. La segunda edici\u00f3n de la Bienal del Museo de Bihar tiene como objetivo promover la cultura de los museos en la India y el mundo.<\/p>\n<p>En conmemoraci\u00f3n del D\u00eda Internacional de los Pueblos Ind\u00edgenas, queremos resaltar la participaci\u00f3n de Panam\u00e1 en este gran evento. Durante el recorrido por el museo con las autoridades e invitados especiales, nuestro pa\u00eds mostr\u00f3 una exhibici\u00f3n dedicada a enaltecer nuestra cultura ind\u00edgena, a trav\u00e9s de bellos cuadros representados con Molas. Esta galer\u00eda paname\u00f1a estuvo acompa\u00f1ada de una explicaci\u00f3n por parte de S.E. YASIEL BURILLO, Embajadora de Panam\u00e1 en India, quien habl\u00f3 de c\u00f3mo nuestra gente de la Comarca Guna Yala, a trav\u00e9s del arte, expresa la biodiversidad y lo vibrante que es nuestro bello pa\u00eds.<br \/>\n\u00a1Feliz D\u00eda Internacional de los Pueblos Ind\u00edgenas!<\/p>\n<p><strong>PANAMANIAN MOLAS EXHIBITION AT THE BIHAR MUSEUM<\/strong><\/p>\n<p>The inauguration of the event &#8220;DAY OF THE FOUNDATION OF THE BIHAR MUSEUM&#8221; was a complete success, with the opening word by H.E. SHRI NITISH KUMAR, Chief Minister. At the inauguration gathered friendly countries and members of the G20. The foundation of the Bihar Museum has always been based on prioritizing education, culture and heritage preservation. The second edition of the Bihar Museum Biennale aims to promote museum culture in India and the world.<\/p>\n<p>In commemoration of the International Day of the World&#8217;s Indigenous People, we want to highlight the participation of Panama in this great event. During the tour of the museum with the authorities and special guests, our country showed an exhibition dedicated to exalting our indigenous culture, through beautiful paintings represented with Molas. This Panamanian gallery was accompanied by an explanation by H.E. YASIEL BURILLO, Ambassador of Panama to India, who spoke about how our people from the Guna Yala Region, through art, express the biodiversity and how vibrant our beautiful country is.<br \/>\nHappy International Day of the World&#8217;s Indigenous People!<\/p>\n<div class=\"heateor_sss_sharing_container heateor_sss_horizontal_sharing\" data-heateor-ss-offset=\"0\" data-heateor-sss-href='https:\/\/panamamissionindia.com\/oldnews\/exhibicion-de-molas-panamenas-en-el-museo-de-bihar\/'><div class=\"heateor_sss_sharing_ul\"><a aria-label=\"Facebook\" class=\"heateor_sss_facebook\" href=\"https:\/\/www.facebook.com\/sharer\/sharer.php?u=https%3A%2F%2Fpanamamissionindia.com%2Foldnews%2Fexhibicion-de-molas-panamenas-en-el-museo-de-bihar%2F\" title=\"Facebook\" rel=\"nofollow noopener\" target=\"_blank\" style=\"font-size:32px!important;box-shadow:none;display:inline-block;vertical-align:middle\"><span class=\"heateor_sss_svg\" style=\"background-color:#0765FE;width:35px;height:35px;border-radius:999px;display:inline-block;opacity:1;float:left;font-size:32px;box-shadow:none;display:inline-block;font-size:16px;padding:0 4px;vertical-align:middle;background-repeat:repeat;overflow:hidden;padding:0;cursor:pointer;box-sizing:content-box\"><svg style=\"display:block;border-radius:999px;\" focusable=\"false\" aria-hidden=\"true\" xmlns=\"http:\/\/www.w3.org\/2000\/svg\" width=\"100%\" height=\"100%\" viewBox=\"0 0 32 32\"><path fill=\"#fff\" d=\"M28 16c0-6.627-5.373-12-12-12S4 9.373 4 16c0 5.628 3.875 10.35 9.101 11.647v-7.98h-2.474V16H13.1v-1.58c0-4.085 1.849-5.978 5.859-5.978.76 0 2.072.15 2.608.298v3.325c-.283-.03-.775-.045-1.386-.045-1.967 0-2.728.745-2.728 2.683V16h3.92l-.673 3.667h-3.247v8.245C23.395 27.195 28 22.135 28 16Z\"><\/path><\/svg><\/span><\/a><a aria-label=\"Twitter\" class=\"heateor_sss_button_twitter\" href=\"http:\/\/twitter.com\/intent\/tweet?text=EXHIBICI%C3%93N%20DE%20MOLAS%20%20PANAME%C3%91AS%20EN%20EL%20MUSEO%20DE%20BIHAR&url=https%3A%2F%2Fpanamamissionindia.com%2Foldnews%2Fexhibicion-de-molas-panamenas-en-el-museo-de-bihar%2F\" title=\"Twitter\" rel=\"nofollow noopener\" target=\"_blank\" style=\"font-size:32px!important;box-shadow:none;display:inline-block;vertical-align:middle\"><span class=\"heateor_sss_svg heateor_sss_s__default heateor_sss_s_twitter\" style=\"background-color:#55acee;width:35px;height:35px;border-radius:999px;display:inline-block;opacity:1;float:left;font-size:32px;box-shadow:none;display:inline-block;font-size:16px;padding:0 4px;vertical-align:middle;background-repeat:repeat;overflow:hidden;padding:0;cursor:pointer;box-sizing:content-box\"><svg style=\"display:block;border-radius:999px;\" focusable=\"false\" aria-hidden=\"true\" xmlns=\"http:\/\/www.w3.org\/2000\/svg\" width=\"100%\" height=\"100%\" viewBox=\"-4 -4 39 39\"><path d=\"M28 8.557a9.913 9.913 0 0 1-2.828.775 4.93 4.93 0 0 0 2.166-2.725 9.738 9.738 0 0 1-3.13 1.194 4.92 4.92 0 0 0-3.593-1.55 4.924 4.924 0 0 0-4.794 6.049c-4.09-.21-7.72-2.17-10.15-5.15a4.942 4.942 0 0 0-.665 2.477c0 1.71.87 3.214 2.19 4.1a4.968 4.968 0 0 1-2.23-.616v.06c0 2.39 1.7 4.38 3.952 4.83-.414.115-.85.174-1.297.174-.318 0-.626-.03-.928-.086a4.935 4.935 0 0 0 4.6 3.42 9.893 9.893 0 0 1-6.114 2.107c-.398 0-.79-.023-1.175-.068a13.953 13.953 0 0 0 7.55 2.213c9.056 0 14.01-7.507 14.01-14.013 0-.213-.005-.426-.015-.637.96-.695 1.795-1.56 2.455-2.55z\" fill=\"#fff\"><\/path><\/svg><\/span><\/a><a aria-label=\"Linkedin\" class=\"heateor_sss_button_linkedin\" href=\"https:\/\/www.linkedin.com\/sharing\/share-offsite\/?url=https%3A%2F%2Fpanamamissionindia.com%2Foldnews%2Fexhibicion-de-molas-panamenas-en-el-museo-de-bihar%2F\" title=\"Linkedin\" rel=\"nofollow noopener\" target=\"_blank\" style=\"font-size:32px!important;box-shadow:none;display:inline-block;vertical-align:middle\"><span class=\"heateor_sss_svg heateor_sss_s__default heateor_sss_s_linkedin\" style=\"background-color:#0077b5;width:35px;height:35px;border-radius:999px;display:inline-block;opacity:1;float:left;font-size:32px;box-shadow:none;display:inline-block;font-size:16px;padding:0 4px;vertical-align:middle;background-repeat:repeat;overflow:hidden;padding:0;cursor:pointer;box-sizing:content-box\"><svg style=\"display:block;border-radius:999px;\" focusable=\"false\" aria-hidden=\"true\" xmlns=\"http:\/\/www.w3.org\/2000\/svg\" width=\"100%\" height=\"100%\" viewBox=\"0 0 32 32\"><path d=\"M6.227 12.61h4.19v13.48h-4.19V12.61zm2.095-6.7a2.43 2.43 0 0 1 0 4.86c-1.344 0-2.428-1.09-2.428-2.43s1.084-2.43 2.428-2.43m4.72 6.7h4.02v1.84h.058c.56-1.058 1.927-2.176 3.965-2.176 4.238 0 5.02 2.792 5.02 6.42v7.395h-4.183v-6.56c0-1.564-.03-3.574-2.178-3.574-2.18 0-2.514 1.7-2.514 3.46v6.668h-4.187V12.61z\" fill=\"#fff\"><\/path><\/svg><\/span><\/a><a aria-label=\"Pinterest\" class=\"heateor_sss_button_pinterest\" href=\"https:\/\/panamamissionindia.com\/oldnews\/exhibicion-de-molas-panamenas-en-el-museo-de-bihar\/\" onclick=\"event.preventDefault();javascript:void( (function() {var e=document.createElement('script' );e.setAttribute('type','text\/javascript' );e.setAttribute('charset','UTF-8' );e.setAttribute('src','\/\/assets.pinterest.com\/js\/pinmarklet.js?r='+Math.random()*99999999);document.body.appendChild(e)})());\" title=\"Pinterest\" rel=\"nofollow noopener\" style=\"font-size:32px!important;box-shadow:none;display:inline-block;vertical-align:middle\"><span class=\"heateor_sss_svg heateor_sss_s__default heateor_sss_s_pinterest\" style=\"background-color:#cc2329;width:35px;height:35px;border-radius:999px;display:inline-block;opacity:1;float:left;font-size:32px;box-shadow:none;display:inline-block;font-size:16px;padding:0 4px;vertical-align:middle;background-repeat:repeat;overflow:hidden;padding:0;cursor:pointer;box-sizing:content-box\"><svg style=\"display:block;border-radius:999px;\" focusable=\"false\" aria-hidden=\"true\" xmlns=\"http:\/\/www.w3.org\/2000\/svg\" width=\"100%\" height=\"100%\" viewBox=\"-2 -2 35 35\"><path fill=\"#fff\" d=\"M16.539 4.5c-6.277 0-9.442 4.5-9.442 8.253 0 2.272.86 4.293 2.705 5.046.303.125.574.005.662-.33.061-.231.205-.816.27-1.06.088-.331.053-.447-.191-.736-.532-.627-.873-1.439-.873-2.591 0-3.338 2.498-6.327 6.505-6.327 3.548 0 5.497 2.168 5.497 5.062 0 3.81-1.686 7.025-4.188 7.025-1.382 0-2.416-1.142-2.085-2.545.397-1.674 1.166-3.48 1.166-4.689 0-1.081-.581-1.983-1.782-1.983-1.413 0-2.548 1.462-2.548 3.419 0 1.247.421 2.091.421 2.091l-1.699 7.199c-.505 2.137-.076 4.755-.039 5.019.021.158.223.196.314.077.13-.17 1.813-2.247 2.384-4.324.162-.587.929-3.631.929-3.631.46.876 1.801 1.646 3.227 1.646 4.247 0 7.128-3.871 7.128-9.053.003-3.918-3.317-7.568-8.361-7.568z\"\/><\/svg><\/span><\/a><a aria-label=\"Whatsapp\" class=\"heateor_sss_whatsapp\" href=\"https:\/\/api.whatsapp.com\/send?text=EXHIBICI%C3%93N%20DE%20MOLAS%20%20PANAME%C3%91AS%20EN%20EL%20MUSEO%20DE%20BIHAR https%3A%2F%2Fpanamamissionindia.com%2Foldnews%2Fexhibicion-de-molas-panamenas-en-el-museo-de-bihar%2F\" title=\"Whatsapp\" rel=\"nofollow noopener\" target=\"_blank\" style=\"font-size:32px!important;box-shadow:none;display:inline-block;vertical-align:middle\"><span class=\"heateor_sss_svg\" style=\"background-color:#55eb4c;width:35px;height:35px;border-radius:999px;display:inline-block;opacity:1;float:left;font-size:32px;box-shadow:none;display:inline-block;font-size:16px;padding:0 4px;vertical-align:middle;background-repeat:repeat;overflow:hidden;padding:0;cursor:pointer;box-sizing:content-box\"><svg style=\"display:block;border-radius:999px;\" focusable=\"false\" aria-hidden=\"true\" xmlns=\"http:\/\/www.w3.org\/2000\/svg\" width=\"100%\" height=\"100%\" viewBox=\"-6 -5 40 40\"><path class=\"heateor_sss_svg_stroke heateor_sss_no_fill\" stroke=\"#fff\" stroke-width=\"2\" fill=\"none\" d=\"M 11.579798566743314 24.396926207859085 A 10 10 0 1 0 6.808479557110079 20.73576436351046\"><\/path><path d=\"M 7 19 l -1 6 l 6 -1\" class=\"heateor_sss_no_fill heateor_sss_svg_stroke\" stroke=\"#fff\" stroke-width=\"2\" fill=\"none\"><\/path><path d=\"M 10 10 q -1 8 8 11 c 5 -1 0 -6 -1 -3 q -4 -3 -5 -5 c 4 -2 -1 -5 -1 -4\" fill=\"#fff\"><\/path><\/svg><\/span><\/a><\/div><div class=\"heateorSssClear\"><\/div><\/div>[\/vc_column_text][\/vc_column][\/vc_row][vc_row][vc_column][\/vc_column][\/vc_row]<\/p>\n","protected":false},"excerpt":{"rendered":"<p>[vc_row][vc_column][vc_column_text] [\/vc_column_text][vc_empty_space][vc_column_text]EXHIBICI\u00d3N DE MOLAS PANAME\u00d1AS EN EL MUSEO DE BIHAR Aug 10,2023 La inauguraci\u00f3n del evento &#8220;D\u00cdA DE LA FUNDACI\u00d3N DEL MUSEO DE BIHAR&#8221;, fue todo un \u00e9xito, cont\u00f3 con las palabras de apertura por parte de S.E. SHRI NITISH KUMAR, Ministro de Estado. Asimismo, estuvieron reunidos los pa\u00edses amigos y miembros del G20. La&hellip;<\/p>\n","protected":false},"author":1,"featured_media":0,"parent":0,"menu_order":0,"comment_status":"closed","ping_status":"closed","template":"","meta":{"_themeisle_gutenberg_block_has_review":false},"class_list":["post-4803","page","type-page","status-publish","hentry","description-off"],"yoast_head":"<!-- This site is optimized with the Yoast SEO plugin v22.5 - https:\/\/yoast.com\/wordpress\/plugins\/seo\/ -->\n<title>EXHIBICI\u00d3N DE MOLAS PANAME\u00d1AS EN EL MUSEO DE BIHAR - Panama Consulate<\/title>\n<meta name=\"robots\" content=\"index, follow, max-snippet:-1, max-image-preview:large, max-video-preview:-1\" \/>\n<link rel=\"canonical\" href=\"https:\/\/panamamissionindia.com\/oldnews\/exhibicion-de-molas-panamenas-en-el-museo-de-bihar\/\" \/>\n<meta property=\"og:locale\" content=\"en_US\" \/>\n<meta property=\"og:type\" content=\"article\" \/>\n<meta property=\"og:title\" content=\"EXHIBICI\u00d3N DE MOLAS PANAME\u00d1AS EN EL MUSEO DE BIHAR - Panama Consulate\" \/>\n<meta property=\"og:description\" content=\"[vc_row][vc_column][vc_column_text] [\/vc_column_text][vc_empty_space][vc_column_text]EXHIBICI\u00d3N DE MOLAS PANAME\u00d1AS EN EL MUSEO DE BIHAR Aug 10,2023 La inauguraci\u00f3n del evento &#8220;D\u00cdA DE LA FUNDACI\u00d3N DEL MUSEO DE BIHAR&#8221;, fue todo un \u00e9xito, cont\u00f3 con las palabras de apertura por parte de S.E. SHRI NITISH KUMAR, Ministro de Estado. Asimismo, estuvieron reunidos los pa\u00edses amigos y miembros del G20. La&hellip;\" \/>\n<meta property=\"og:url\" content=\"https:\/\/panamamissionindia.com\/oldnews\/exhibicion-de-molas-panamenas-en-el-museo-de-bihar\/\" \/>\n<meta property=\"og:site_name\" content=\"Panama Consulate\" \/>\n<meta property=\"article:modified_time\" content=\"2023-08-11T12:54:57+00:00\" \/>\n<meta name=\"twitter:card\" content=\"summary_large_image\" \/>\n<meta name=\"twitter:label1\" content=\"Est. reading time\" \/>\n\t<meta name=\"twitter:data1\" content=\"2 minutes\" \/>\n<script type=\"application\/ld+json\" class=\"yoast-schema-graph\">{\"@context\":\"https:\/\/schema.org\",\"@graph\":[{\"@type\":\"WebPage\",\"@id\":\"https:\/\/panamamissionindia.com\/oldnews\/exhibicion-de-molas-panamenas-en-el-museo-de-bihar\/\",\"url\":\"https:\/\/panamamissionindia.com\/oldnews\/exhibicion-de-molas-panamenas-en-el-museo-de-bihar\/\",\"name\":\"EXHIBICI\u00d3N DE MOLAS PANAME\u00d1AS EN EL MUSEO DE BIHAR - Panama Consulate\",\"isPartOf\":{\"@id\":\"https:\/\/panamamissionindia.com\/oldnews\/#website\"},\"datePublished\":\"2023-08-11T12:08:45+00:00\",\"dateModified\":\"2023-08-11T12:54:57+00:00\",\"breadcrumb\":{\"@id\":\"https:\/\/panamamissionindia.com\/oldnews\/exhibicion-de-molas-panamenas-en-el-museo-de-bihar\/#breadcrumb\"},\"inLanguage\":\"en-US\",\"potentialAction\":[{\"@type\":\"ReadAction\",\"target\":[\"https:\/\/panamamissionindia.com\/oldnews\/exhibicion-de-molas-panamenas-en-el-museo-de-bihar\/\"]}]},{\"@type\":\"BreadcrumbList\",\"@id\":\"https:\/\/panamamissionindia.com\/oldnews\/exhibicion-de-molas-panamenas-en-el-museo-de-bihar\/#breadcrumb\",\"itemListElement\":[{\"@type\":\"ListItem\",\"position\":1,\"name\":\"Home\",\"item\":\"https:\/\/panamamissionindia.com\/oldnews\/\"},{\"@type\":\"ListItem\",\"position\":2,\"name\":\"EXHIBICI\u00d3N DE MOLAS PANAME\u00d1AS EN EL MUSEO DE BIHAR\"}]},{\"@type\":\"WebSite\",\"@id\":\"https:\/\/panamamissionindia.com\/oldnews\/#website\",\"url\":\"https:\/\/panamamissionindia.com\/oldnews\/\",\"name\":\"Panama Consulate\",\"description\":\"Panama Consulate Mumbai\",\"potentialAction\":[{\"@type\":\"SearchAction\",\"target\":{\"@type\":\"EntryPoint\",\"urlTemplate\":\"https:\/\/panamamissionindia.com\/oldnews\/?s={search_term_string}\"},\"query-input\":\"required name=search_term_string\"}],\"inLanguage\":\"en-US\"}]}<\/script>\n<!-- \/ Yoast SEO plugin. -->","yoast_head_json":{"title":"EXHIBICI\u00d3N DE MOLAS PANAME\u00d1AS EN EL MUSEO DE BIHAR - Panama Consulate","robots":{"index":"index","follow":"follow","max-snippet":"max-snippet:-1","max-image-preview":"max-image-preview:large","max-video-preview":"max-video-preview:-1"},"canonical":"https:\/\/panamamissionindia.com\/oldnews\/exhibicion-de-molas-panamenas-en-el-museo-de-bihar\/","og_locale":"en_US","og_type":"article","og_title":"EXHIBICI\u00d3N DE MOLAS PANAME\u00d1AS EN EL MUSEO DE BIHAR - Panama Consulate","og_description":"[vc_row][vc_column][vc_column_text] [\/vc_column_text][vc_empty_space][vc_column_text]EXHIBICI\u00d3N DE MOLAS PANAME\u00d1AS EN EL MUSEO DE BIHAR Aug 10,2023 La inauguraci\u00f3n del evento &#8220;D\u00cdA DE LA FUNDACI\u00d3N DEL MUSEO DE BIHAR&#8221;, fue todo un \u00e9xito, cont\u00f3 con las palabras de apertura por parte de S.E. SHRI NITISH KUMAR, Ministro de Estado. Asimismo, estuvieron reunidos los pa\u00edses amigos y miembros del G20. La&hellip;","og_url":"https:\/\/panamamissionindia.com\/oldnews\/exhibicion-de-molas-panamenas-en-el-museo-de-bihar\/","og_site_name":"Panama Consulate","article_modified_time":"2023-08-11T12:54:57+00:00","twitter_card":"summary_large_image","twitter_misc":{"Est. reading time":"2 minutes"},"schema":{"@context":"https:\/\/schema.org","@graph":[{"@type":"WebPage","@id":"https:\/\/panamamissionindia.com\/oldnews\/exhibicion-de-molas-panamenas-en-el-museo-de-bihar\/","url":"https:\/\/panamamissionindia.com\/oldnews\/exhibicion-de-molas-panamenas-en-el-museo-de-bihar\/","name":"EXHIBICI\u00d3N DE MOLAS PANAME\u00d1AS EN EL MUSEO DE BIHAR - Panama Consulate","isPartOf":{"@id":"https:\/\/panamamissionindia.com\/oldnews\/#website"},"datePublished":"2023-08-11T12:08:45+00:00","dateModified":"2023-08-11T12:54:57+00:00","breadcrumb":{"@id":"https:\/\/panamamissionindia.com\/oldnews\/exhibicion-de-molas-panamenas-en-el-museo-de-bihar\/#breadcrumb"},"inLanguage":"en-US","potentialAction":[{"@type":"ReadAction","target":["https:\/\/panamamissionindia.com\/oldnews\/exhibicion-de-molas-panamenas-en-el-museo-de-bihar\/"]}]},{"@type":"BreadcrumbList","@id":"https:\/\/panamamissionindia.com\/oldnews\/exhibicion-de-molas-panamenas-en-el-museo-de-bihar\/#breadcrumb","itemListElement":[{"@type":"ListItem","position":1,"name":"Home","item":"https:\/\/panamamissionindia.com\/oldnews\/"},{"@type":"ListItem","position":2,"name":"EXHIBICI\u00d3N DE MOLAS PANAME\u00d1AS EN EL MUSEO DE BIHAR"}]},{"@type":"WebSite","@id":"https:\/\/panamamissionindia.com\/oldnews\/#website","url":"https:\/\/panamamissionindia.com\/oldnews\/","name":"Panama Consulate","description":"Panama Consulate Mumbai","potentialAction":[{"@type":"SearchAction","target":{"@type":"EntryPoint","urlTemplate":"https:\/\/panamamissionindia.com\/oldnews\/?s={search_term_string}"},"query-input":"required name=search_term_string"}],"inLanguage":"en-US"}]}},"_links":{"self":[{"href":"https:\/\/panamamissionindia.com\/oldnews\/wp-json\/wp\/v2\/pages\/4803","targetHints":{"allow":["GET"]}}],"collection":[{"href":"https:\/\/panamamissionindia.com\/oldnews\/wp-json\/wp\/v2\/pages"}],"about":[{"href":"https:\/\/panamamissionindia.com\/oldnews\/wp-json\/wp\/v2\/types\/page"}],"author":[{"embeddable":true,"href":"https:\/\/panamamissionindia.com\/oldnews\/wp-json\/wp\/v2\/users\/1"}],"replies":[{"embeddable":true,"href":"https:\/\/panamamissionindia.com\/oldnews\/wp-json\/wp\/v2\/comments?post=4803"}],"version-history":[{"count":3,"href":"https:\/\/panamamissionindia.com\/oldnews\/wp-json\/wp\/v2\/pages\/4803\/revisions"}],"predecessor-version":[{"id":4808,"href":"https:\/\/panamamissionindia.com\/oldnews\/wp-json\/wp\/v2\/pages\/4803\/revisions\/4808"}],"wp:attachment":[{"href":"https:\/\/panamamissionindia.com\/oldnews\/wp-json\/wp\/v2\/media?parent=4803"}],"curies":[{"name":"wp","href":"https:\/\/api.w.org\/{rel}","templated":true}]}}