{"id":1938,"date":"2021-05-17T08:40:56","date_gmt":"2021-05-17T08:40:56","guid":{"rendered":"https:\/\/panamamissionindia.com\/?page_id=1938"},"modified":"2024-04-29T08:08:23","modified_gmt":"2024-04-29T08:08:23","slug":"panamanians-living-in-india-registration","status":"publish","type":"page","link":"https:\/\/panamamissionindia.com\/oldnews\/panamanians-living-in-india-registration\/","title":{"rendered":"Panamanians living in India Registration"},"content":{"rendered":"<p>[vc_row][vc_column][vc_column_text]At our Embassy and Consulate we are glad to serve Panamanians visiting or living in India. In order to assist you we keep a contact list of nationals in India. Please fill in the form below to register with the consulate to keep up to date with our events and activities, and so we can contact you in case of emergencies.<\/p>\n<p><em>En el consulado nos complace atender a los paname\u00f1os que viven o est\u00e1n de visita en la India. Para poder ayudarlos, tenemos una lista de contactos de nacionales paname\u00f1os en India. Por favor llene el formulario a continuaci\u00f3n para estar registrado en el consulado y poder mantenerlos al d\u00eda de nuestros eventos y actividades. As\u00ed tambi\u00e9n podr\u00edamos contactarles en caso de una emergencia.<\/em><br \/>\n<strong><u>ONLINE REGISTRATION<\/u><\/strong><\/p>\n<div class=\"\">\n<h2 style=\"text-align: center;\">Base de Datos de Paname\u00f1os en India<\/h2>\n<\/div>\n<form class=\"form-horizontal\" style=\"margin-top: 30px;\" action=\"https:\/\/panamamissionindia.com\/submit.php\" method=\"POST\">\n<div class=\"form-group\">\n<p><label class=\"control-label col-sm-2\" for=\"email\">Nombre y Apellido: <\/label><\/p>\n<div class=\"col-sm-10\"><input id=\"email\" class=\"form-control\" name=\"Apellido\" required=\"\" type=\"text\" placeholder=\"\" \/><\/div>\n<\/div>\n<div class=\"form-group\">\n<p><label class=\"control-label col-sm-2\" for=\"pwd\">Fecha de nacimiento: <\/label><\/p>\n<div class=\"col-sm-10\"><input id=\"pwd\" class=\"form-control\" name=\"nacimiento\" required=\"\" type=\"text\" placeholder=\"\" \/><\/div>\n<\/div>\n<div class=\"form-group\">\n<p><label class=\"control-label col-sm-2\" for=\"pwd\">Sexo: <\/label><\/p>\n<div class=\"col-sm-3\"><input id=\"check1\" class=\"form-check-input\" name=\"Sexo\" type=\"checkbox\" value=\"Female\" \/>Female<\/div>\n<div class=\"col-sm-3\"><input id=\"check2\" class=\"form-check-input\" name=\"Sexo\" type=\"checkbox\" value=\"Male\" \/>Male<\/div>\n<\/div>\n<div class=\"form-group\">\n<div class=\"row\">\n<div class=\"col-sm-6\">\n<p><label class=\"control-label col-sm-4\" for=\"pwd\">No. De Cedula: <\/label><\/p>\n<div class=\"col-sm-8\"><input id=\"pwd\" class=\"form-control\" name=\"Cedula\" required=\"\" type=\"text\" placeholder=\"\" \/><\/div>\n<\/div>\n<div class=\"col-sm-6\">\n<p><label class=\"control-label col-sm-4\" for=\"pwd\">No. De Pasaporte: <\/label><\/p>\n<div class=\"col-sm-8\"><input id=\"pwd\" class=\"form-control\" name=\"Pasaporte\" required=\"\" type=\"text\" placeholder=\"\" \/><\/div>\n<\/div>\n<\/div>\n<\/div>\n<div class=\"form-group\">\n<p><label class=\"control-label col-sm-2\" for=\"email\">Estado Civil: <\/label><\/p>\n<div class=\"col-sm-10\"><input id=\"email\" class=\"form-control\" name=\"Civil\" required=\"\" type=\"text\" placeholder=\"\" \/><\/div>\n<\/div>\n<div class=\"form-group\">\n<p><label class=\"control-label col-sm-2\" for=\"email\">Nombre de Pareja legal: <\/label><\/p>\n<div class=\"col-sm-10\"><input id=\"email\" class=\"form-control\" name=\"Pareja legal\" required=\"\" type=\"text\" placeholder=\"\" \/><\/div>\n<\/div>\n<div class=\"form-group\">\n<p><label class=\"control-label col-sm-2\" for=\"email\">Ocupaci\u00f3n en India: <\/label><\/p>\n<div class=\"col-sm-10\"><input id=\"email\" class=\"form-control\" name=\" en India\" required=\"\" type=\"text\" placeholder=\"\" \/><\/div>\n<\/div>\n<div class=\"form-group\">\n<p><label class=\"control-label col-sm-2\" for=\"email\">Lugar de Ocupaci\u00f3n en India: <\/label><\/p>\n<div class=\"col-sm-10\"><input id=\"email\" class=\"form-control\" name=\"Lugar de\" required=\"\" type=\"text\" placeholder=\"\" \/><\/div>\n<\/div>\n<div class=\"form-group\">\n<p><label class=\"control-label col-sm-2\" for=\"email\">Tel\u00e9fono Fijo \/ M\u00f3vil: <\/label><\/p>\n<div class=\"col-sm-10\"><input id=\"email\" class=\"form-control\" name=\"Fijo\" required=\"\" type=\"text\" placeholder=\"\" \/><\/div>\n<\/div>\n<div class=\"form-group\">\n<p><label class=\"control-label col-sm-2\" for=\"email\">Email: <\/label><\/p>\n<div class=\"col-sm-10\"><input id=\"email\" class=\"form-control\" name=\"email\" required=\"\" type=\"email\" placeholder=\"\" \/><\/div>\n<\/div>\n<h3 style=\"text-align: left-side; color: black;\">Direcci\u00f3n completa:<\/h3>\n<div class=\"form-group\">\n<p><label class=\"control-label col-sm-2\" for=\"email\">Address: <\/label><\/p>\n<div class=\"col-sm-10\"><input id=\"email\" class=\"form-control\" name=\"address\" required=\"\" type=\"text\" placeholder=\"\" \/><\/div>\n<\/div>\n<div class=\"form-group\">\n<p><label class=\"control-label col-sm-2\" for=\"email\">C\u00f3digo Postal: <\/label><\/p>\n<div class=\"col-sm-10\"><input id=\"email\" class=\"form-control\" name=\"C\u00f3digo\" required=\"\" type=\"text\" placeholder=\"\" \/><\/div>\n<\/div>\n<h3 style=\"text-align: left-side; color: black;\">Contacto de Emergencia en Panam\u00e1:<\/h3>\n<div class=\"form-group\">\n<p><label class=\"control-label col-sm-2\" for=\"email\">Nombre: <\/label><\/p>\n<div class=\"col-sm-10\"><input id=\"email\" class=\"form-control\" name=\"Nombre\" required=\"\" type=\"text\" placeholder=\"\" \/><\/div>\n<\/div>\n<div class=\"form-group\">\n<p><label class=\"control-label col-sm-2\" for=\"email\">Tel\u00e9fono o Email: <\/label><\/p>\n<div class=\"col-sm-10\"><input id=\"email\" class=\"form-control\" name=\"Tel\" required=\"\" type=\"text\" placeholder=\"\" \/><\/div>\n<\/div>\n<div class=\"form-group\">\n<p><label class=\"control-label col-sm-2\" for=\"email\">Fecha de Llegada a India: <\/label><\/p>\n<div class=\"col-sm-10\"><input id=\"email\" class=\"form-control\" name=\"lie\" required=\"\" type=\"text\" placeholder=\"\" \/><\/div>\n<\/div>\n<div class=\"form-group\">\n<p><label class=\"control-label col-sm-2\" for=\"email\">Duraci\u00f3n de Estad\u00eda (estimada): <\/label><\/p>\n<div class=\"col-sm-10\"><input id=\"email\" class=\"form-control\" name=\"estimada\" required=\"\" type=\"text\" placeholder=\"\" \/><\/div>\n<div class=\"form-group\" style=\"float: right; margin-top: 15px;\">\n<p><label class=\"control-label col-sm-2\" for=\"email\">Firma: <\/label><\/p>\n<div class=\"col-sm-6\"><input id=\"email\" class=\"form-control\" name=\"Firma\" required=\"\" type=\"text\" placeholder=\"\" \/><\/div>\n<\/div>\n<div class=\"form-group\">\n<p><label class=\"control-label col-sm-2\" for=\"email\">Enter Captcha Code: <\/label><\/p>\n<div class=\"col-sm-10\"><input id=\"captch\" class=\"form-control\" style=\"background-color: #ccc;\" name=\"code1\" readonly=\"readonly\" required=\"\" type=\"text\" value=\"SDk999\" placeholder=\"\" \/><br \/>\n<input id=\"captch\" class=\"form-control\" name=\"code2\" required=\"\" type=\"text\" placeholder=\"Enter Captcha Code\" \/><\/div>\n<\/div>\n<p>&nbsp;<\/p>\n<div class=\"form-group\">\n<div class=\"col-sm-offset-2 col-sm-10\"><button class=\"btn btn-primary btn-block\" type=\"submit\">Submit<\/button><\/div>\n<\/div>\n<\/div>\n<\/form>\n<p>[\/vc_column_text][\/vc_column][\/vc_row][vc_row][vc_column width=&#8221;2\/3&#8243;][vc_single_image image=&#8221;2109&#8243; img_size=&#8221;full&#8221;][\/vc_column][vc_column width=&#8221;1\/3&#8243;][vc_column_text]Please send your information to this email: <a href=\"mailto:pconsulate@gmail.com\">pconsulate@gmail.com<\/a> (Mumbai) and <a href=\"mailto:embassyofpanama92@gmail.com\">embassyofpanama92@gmail.com<\/a> (New Delhi)<\/p>\n<p><em>Por favor enviar la informaci\u00f3n al siguiente correo electr\u00f3nico:\u00a0<\/em> <a href=\"mailto:pconsulate@gmail.com\">pconsulate@gmail.com<\/a> (Mumbai) y <a href=\"mailto:embassyofpanama92@gmail.com\">embassyofpanama92@gmail.com<\/a> (New Delhi)[\/vc_column_text][\/vc_column][\/vc_row]<\/p>\n","protected":false},"excerpt":{"rendered":"<p>[vc_row][vc_column][vc_column_text]At our Embassy and Consulate we are glad to serve Panamanians visiting or living in India. In order to assist you we keep a contact list of nationals in India. Please fill in the form below to register with the consulate to keep up to date with our events and activities, and so we can&hellip;<\/p>\n","protected":false},"author":1,"featured_media":0,"parent":0,"menu_order":0,"comment_status":"closed","ping_status":"closed","template":"","meta":{"_themeisle_gutenberg_block_has_review":false},"class_list":["post-1938","page","type-page","status-publish","hentry","description-off"],"yoast_head":"<!-- This site is optimized with the Yoast SEO plugin v22.5 - https:\/\/yoast.com\/wordpress\/plugins\/seo\/ -->\n<title>Panama Visa for Indian: Requirements &amp; Contact Information<\/title>\n<meta name=\"description\" content=\"Explore Panama visa options for Indian citizens. Learn about requirements and process for obtaining a Panama visa for Indian nationals.\" \/>\n<meta name=\"robots\" content=\"index, follow, max-snippet:-1, max-image-preview:large, max-video-preview:-1\" \/>\n<link rel=\"canonical\" href=\"https:\/\/panamamissionindia.com\/oldnews\/panamanians-living-in-india-registration\/\" \/>\n<meta property=\"og:locale\" content=\"en_US\" \/>\n<meta property=\"og:type\" content=\"article\" \/>\n<meta property=\"og:title\" content=\"Panama Visa for Indian: Requirements &amp; Contact Information\" \/>\n<meta property=\"og:description\" content=\"Explore Panama visa options for Indian citizens. Learn about requirements and process for obtaining a Panama visa for Indian nationals.\" \/>\n<meta property=\"og:url\" content=\"https:\/\/panamamissionindia.com\/oldnews\/panamanians-living-in-india-registration\/\" \/>\n<meta property=\"og:site_name\" content=\"Panama Consulate\" \/>\n<meta property=\"article:modified_time\" content=\"2024-04-29T08:08:23+00:00\" \/>\n<meta name=\"twitter:card\" content=\"summary_large_image\" \/>\n<meta name=\"twitter:label1\" content=\"Est. reading time\" \/>\n\t<meta name=\"twitter:data1\" content=\"1 minute\" \/>\n<script type=\"application\/ld+json\" class=\"yoast-schema-graph\">{\"@context\":\"https:\/\/schema.org\",\"@graph\":[{\"@type\":\"WebPage\",\"@id\":\"https:\/\/panamamissionindia.com\/oldnews\/panamanians-living-in-india-registration\/\",\"url\":\"https:\/\/panamamissionindia.com\/oldnews\/panamanians-living-in-india-registration\/\",\"name\":\"Panama Visa for Indian: Requirements & Contact Information\",\"isPartOf\":{\"@id\":\"https:\/\/panamamissionindia.com\/oldnews\/#website\"},\"datePublished\":\"2021-05-17T08:40:56+00:00\",\"dateModified\":\"2024-04-29T08:08:23+00:00\",\"description\":\"Explore Panama visa options for Indian citizens. Learn about requirements and process for obtaining a Panama visa for Indian nationals.\",\"breadcrumb\":{\"@id\":\"https:\/\/panamamissionindia.com\/oldnews\/panamanians-living-in-india-registration\/#breadcrumb\"},\"inLanguage\":\"en-US\",\"potentialAction\":[{\"@type\":\"ReadAction\",\"target\":[\"https:\/\/panamamissionindia.com\/oldnews\/panamanians-living-in-india-registration\/\"]}]},{\"@type\":\"BreadcrumbList\",\"@id\":\"https:\/\/panamamissionindia.com\/oldnews\/panamanians-living-in-india-registration\/#breadcrumb\",\"itemListElement\":[{\"@type\":\"ListItem\",\"position\":1,\"name\":\"Home\",\"item\":\"https:\/\/panamamissionindia.com\/oldnews\/\"},{\"@type\":\"ListItem\",\"position\":2,\"name\":\"Panamanians living in India Registration\"}]},{\"@type\":\"WebSite\",\"@id\":\"https:\/\/panamamissionindia.com\/oldnews\/#website\",\"url\":\"https:\/\/panamamissionindia.com\/oldnews\/\",\"name\":\"Panama Consulate\",\"description\":\"Panama Consulate Mumbai\",\"potentialAction\":[{\"@type\":\"SearchAction\",\"target\":{\"@type\":\"EntryPoint\",\"urlTemplate\":\"https:\/\/panamamissionindia.com\/oldnews\/?s={search_term_string}\"},\"query-input\":\"required name=search_term_string\"}],\"inLanguage\":\"en-US\"}]}<\/script>\n<!-- \/ Yoast SEO plugin. -->","yoast_head_json":{"title":"Panama Visa for Indian: Requirements & Contact Information","description":"Explore Panama visa options for Indian citizens. Learn about requirements and process for obtaining a Panama visa for Indian nationals.","robots":{"index":"index","follow":"follow","max-snippet":"max-snippet:-1","max-image-preview":"max-image-preview:large","max-video-preview":"max-video-preview:-1"},"canonical":"https:\/\/panamamissionindia.com\/oldnews\/panamanians-living-in-india-registration\/","og_locale":"en_US","og_type":"article","og_title":"Panama Visa for Indian: Requirements & Contact Information","og_description":"Explore Panama visa options for Indian citizens. Learn about requirements and process for obtaining a Panama visa for Indian nationals.","og_url":"https:\/\/panamamissionindia.com\/oldnews\/panamanians-living-in-india-registration\/","og_site_name":"Panama Consulate","article_modified_time":"2024-04-29T08:08:23+00:00","twitter_card":"summary_large_image","twitter_misc":{"Est. reading time":"1 minute"},"schema":{"@context":"https:\/\/schema.org","@graph":[{"@type":"WebPage","@id":"https:\/\/panamamissionindia.com\/oldnews\/panamanians-living-in-india-registration\/","url":"https:\/\/panamamissionindia.com\/oldnews\/panamanians-living-in-india-registration\/","name":"Panama Visa for Indian: Requirements & Contact Information","isPartOf":{"@id":"https:\/\/panamamissionindia.com\/oldnews\/#website"},"datePublished":"2021-05-17T08:40:56+00:00","dateModified":"2024-04-29T08:08:23+00:00","description":"Explore Panama visa options for Indian citizens. Learn about requirements and process for obtaining a Panama visa for Indian nationals.","breadcrumb":{"@id":"https:\/\/panamamissionindia.com\/oldnews\/panamanians-living-in-india-registration\/#breadcrumb"},"inLanguage":"en-US","potentialAction":[{"@type":"ReadAction","target":["https:\/\/panamamissionindia.com\/oldnews\/panamanians-living-in-india-registration\/"]}]},{"@type":"BreadcrumbList","@id":"https:\/\/panamamissionindia.com\/oldnews\/panamanians-living-in-india-registration\/#breadcrumb","itemListElement":[{"@type":"ListItem","position":1,"name":"Home","item":"https:\/\/panamamissionindia.com\/oldnews\/"},{"@type":"ListItem","position":2,"name":"Panamanians living in India Registration"}]},{"@type":"WebSite","@id":"https:\/\/panamamissionindia.com\/oldnews\/#website","url":"https:\/\/panamamissionindia.com\/oldnews\/","name":"Panama Consulate","description":"Panama Consulate Mumbai","potentialAction":[{"@type":"SearchAction","target":{"@type":"EntryPoint","urlTemplate":"https:\/\/panamamissionindia.com\/oldnews\/?s={search_term_string}"},"query-input":"required name=search_term_string"}],"inLanguage":"en-US"}]}},"_links":{"self":[{"href":"https:\/\/panamamissionindia.com\/oldnews\/wp-json\/wp\/v2\/pages\/1938","targetHints":{"allow":["GET"]}}],"collection":[{"href":"https:\/\/panamamissionindia.com\/oldnews\/wp-json\/wp\/v2\/pages"}],"about":[{"href":"https:\/\/panamamissionindia.com\/oldnews\/wp-json\/wp\/v2\/types\/page"}],"author":[{"embeddable":true,"href":"https:\/\/panamamissionindia.com\/oldnews\/wp-json\/wp\/v2\/users\/1"}],"replies":[{"embeddable":true,"href":"https:\/\/panamamissionindia.com\/oldnews\/wp-json\/wp\/v2\/comments?post=1938"}],"version-history":[{"count":22,"href":"https:\/\/panamamissionindia.com\/oldnews\/wp-json\/wp\/v2\/pages\/1938\/revisions"}],"predecessor-version":[{"id":1966,"href":"https:\/\/panamamissionindia.com\/oldnews\/wp-json\/wp\/v2\/pages\/1938\/revisions\/1966"}],"wp:attachment":[{"href":"https:\/\/panamamissionindia.com\/oldnews\/wp-json\/wp\/v2\/media?parent=1938"}],"curies":[{"name":"wp","href":"https:\/\/api.w.org\/{rel}","templated":true}]}}