{"id":1906,"date":"2021-03-06T10:08:53","date_gmt":"2021-03-06T10:08:53","guid":{"rendered":"https:\/\/panamamissionindia.com\/?page_id=1906"},"modified":"2025-04-21T08:10:30","modified_gmt":"2025-04-21T08:10:30","slug":"visa-information","status":"publish","type":"page","link":"https:\/\/panamamissionindia.com\/oldnews\/visa-information\/","title":{"rendered":"Visa Information"},"content":{"rendered":"<p>[vc_row][vc_column][vc_raw_html]JTNDbWFycXVlZSUyMHdpZHRoJTNEJTIyMTAwJTI1JTIyJTIwZGlyZWN0aW9uJTNEJTIybGVmdCUyMiUyMGhlaWdodCUzRCUyMjMwcHglMjIlMjBzdHlsZSUzRCUyMiUwQSUyMCUyMCUyMCUyMGJhY2tncm91bmQlM0ElMjB5ZWxsb3clM0IlMEElMjAlMjAlMjAlMjBwYWRkaW5nLXRvcCUzQSUyMDVweCUzQiUwQSUyMiUzRSUzQ2IlM0UlMEFJbXBvcnRhbnQlMjBJbmZvcm1hdGlvbiUzQSUyMFBsZWFzZSUyMG5vdGUlMjB0aGF0JTIwYXBwbGljYXRpb25zJTIwZm9yJTIwVmlzYSUyMGluJTIwSW5kaWElMjBhcmUlMjBPTkxZJTIwbWFkZSUyMGF0JTIwdGhlJTIwQ29uc3VsYXRlJTIwR2VuZXJhbCUyMG9mJTIwUGFuYW1hJTIwaW4lMjBNdW1iYWkuJTIwQXBwbGljYW50cyUyMG11c3QlMjBjb250YWN0JTIwdXMlMjBkaXJlY3RseSUyMGZvciUyMHRoZWlyJTIwdmlzYSUyMGFwcGxpY2F0aW9uJTIwYW5kJTIwZW5xdWlyaWVzLiUzQyUyRmIlM0UlMEElM0MlMkZtYXJxdWVlJTNF[\/vc_raw_html][\/vc_column][\/vc_row][vc_row][vc_column][vc_column_text]<strong>Currently, the visa services in our Panama Consular Missions in India are suspended. Once the visa application process gets reestablished, the Consulate will announce it on the website.<\/strong><\/p>\n<p><strong>Actualmente, los servicios de visa en nuestras Misiones Consulares de Panam\u00e1 en la India se encuentran suspendidos. Una vez que se restablezca el proceso de solicitud de visa, el Consulado lo anunciar\u00e1 en el sitio web.<\/strong><\/p>\n<p><strong><em><u>Indian nationals require a stamp Visa to travel to Panama.<br \/>\nApplications for Visa in India are only made at the CONSULATE OF PANAMA IN MUMBAI.<\/u><\/em><\/strong><\/p>\n<h3>TRANSIT INFORMATION<\/h3>\n<p>A maximum stay of 12 hours of transit is allowed at Panama International Airport without the need for a Panama visa or entry permit for the below nationalities, if one or more of the above requirements are met. Otherwise, if your transit is greater than 12 hours, kindly make the necessary arrangements with your airline or travel agency. The Consulate does not issue any document that authorizes transit through Panama. Below more details:<\/p>\n<p>The National Immigration Service may admit the boarding of foreign nationals from Afghanistan, Angola, Algeria, Azerbaijan, Bangladesh, Benin, Burkina Faso, Burundi, Cape Verde, Cameroon, Congo, Ivory Coast, Chad, Egypt, Eritrea, Ethiopia, Gabon, Gambia, Georgia, Ghana, Guinea, Guinea-Bissau, Equatorial Guinea, India, Kazakhstan, Kenya, Kyrgyzstan, Mali, Mauritania, Mozambique, Nepal, Niger, Nigeria, Pakistan,<br \/>\nRepublic of Congo, Democratic Republic of Congo, Sri Lanka, Senegal, Sierra Leone, Somalia, Sudan, Tajikistan, Turkmenistan, Togo, Uzbekistan, Djibouti who wish to travel in transit through the Republic of Panama, <u>only in cases where they meet one or more of the following 7 conditions<\/u> (Resolution No. 24430 of 9 August 2023 with additions on the Resolution No. 16024 of 8 June 2023 issued by the Panama National Immigration Service):<\/p>\n<ol>\n<li>Hold a valid Panamanian visa or residency.<\/li>\n<li>Those who have residence or have multiple entry visas duly granted by Canada, United States of America, Commonwealth of Australia, Republic of Korea, State of Japan, United Kingdom of Great Britain and Northern Ireland, Republic of Singapore and any of the States that make up the European Union.<\/li>\n<li>Diplomatic and consular agents; duly accredited foreign officials of international missions; duly accredited foreign officials of international or inter-governmental organisations.<\/li>\n<li>Seafarers, duly identified for such purpose.<\/li>\n<li>Crew members of international transportation companies, who are identified as such, by means of the general flight manifest.<\/li>\n<li>Having a valid visa \/ or residence permit \/ or being a national of the country of final destination.<\/li>\n<li>Traveling to country of origin<\/li>\n<\/ol>\n<h5>For further information please access the following link which contains a copy of the Resolution No. 24430 of 9 August 2023 with additions on the Resolution No. 16024 of 8 June 2023 issued by the Panama National Immigration Service):<\/h5>\n<p><a href=\"https:\/\/panamamissionindia.com\/wp-content\/uploads\/2023\/08\/Resolution-No.-24430-of-9-August-2023.pdf\" target=\"_blank\" rel=\"noopener\"><img loading=\"lazy\" decoding=\"async\" class=\"alignnone wp-image-1907\" src=\"https:\/\/panamamissionindia.com\/wp-content\/uploads\/2021\/03\/pdf.png\" alt=\"\" width=\"69\" height=\"69\" srcset=\"https:\/\/panamamissionindia.com\/oldnews\/wp-content\/uploads\/2021\/03\/pdf.png 204w, https:\/\/panamamissionindia.com\/oldnews\/wp-content\/uploads\/2021\/03\/pdf-150x150.png 150w\" sizes=\"auto, (max-width: 69px) 100vw, 69px\" \/><\/a><\/p>\n<pre><strong>NOTE: If you are transiting through Panama to travel to a visa-exempt or visa on arrival destination country and you do not comply with any of the 7 requirements mentioned on the Resolution No. 24430, kindly contact the Consulate at <a href=\"mailto:mumbaipanamaconsulate@gmail.com\">mumbaipanamaconsulate@gmail.com<\/a>.<\/strong><\/pre>\n<h3>VISA REQUIREMENTS<\/h3>\n<p><b>Applicant must present the documents to the Consulate personally.<\/b><\/p>\n<p>1. Completed visa application form <a href=\"https:\/\/panamamissionindia.com\/wp-content\/uploads\/2022\/06\/Visa-Application-Form.pdf\" target=\"_blank\" rel=\"noopener\">HERE<\/a>. Only for Indian Nationals and Residents.<\/p>\n<p>2. Photocopy of the entire passport (All pages including cover and all blank pages) with at least 6 months validity. <span style=\"color: blue;\">The main and last page of the Passport to be Notarized.<\/span><\/p>\n<p>3. Valid Identity Card (Aadhar Card). <span style=\"color: blue;\">To be Translated in Spanish (by an Authorised Translator). The copy of the original Identity Card and the translated copy to be Notarized.<\/span><\/p>\n<p>4. Travel itinerary or electronic ticket.<\/p>\n<p>5. Hotel reservation, if applicable.<\/p>\n<p>6. Three (3) passport sized photos.<\/p>\n<p><b>Photo Requirements:<\/b><br \/>\n\u2022 Passport size (size 35 mm wide x 45 mm high)<br \/>\n\u2022 Must be in colour, not glossy and with a white background<br \/>\n\u2022 Posture and frontal view<br \/>\n\u2022 Neutral facial expression, no smiles or do not show teeth<br \/>\n\u2022 Forehead and ears must be visible.<br \/>\n\u2022 Hair must be brushed back and tucked behind ears (If you have bangs, they must be pinned back)<br \/>\n\u2022 Only a pair of small earrings is allowed in women. No earrings allowed for men<br \/>\n\u2022 No hair accessories or high up do or extravagant hair styles<br \/>\n\u2022 No sleeveless shirts, cleavage showing<br \/>\n\u2022 No White tops<br \/>\n\u2022 No facial piercing, no coloured contact lenses and no glasses (even if you wear prescription glasses)<br \/>\n\u2022 No hoodies<br \/>\n\u2022 Do not wear light-coloured clothing<br \/>\n\u2022 Hijab allowed as long as it shows the face and ears.<\/p>\n<p>7. Proof of economic solvency with at least $500.00 which can be ONE of the following (skip this step if applicant is underage):<\/p>\n<p>A. Bank draft with applicant\u2019s name. <span style=\"color: blue;\">To be Translated in Spanish (by an Authorised Translator) and Notarized.<\/span><br \/>\nB. Bank certification with bank statement for the last three (3) months. <span style=\"color: blue;\">To be Translated in Spanish (by an Authorised Translator) and Notarized. The economic solvency needs to be converted to US dollars by a competent entity (your bank) and notarized by the competent authorities.<\/span><br \/>\nC. Any other document that may prove your income and that is acceptable by Panama National Immigration Service.<\/p>\n<p><b>Complementary Documentation:<\/b><br \/>\n\u2022 Employment letter with latest payment slip showing company header and chop. <span style=\"color: blue;\">To be Translated in Spanish (by an Authorised Translator) and Notarized.<\/span><br \/>\n\u2022 If you are retired: Document that shows the pension or retirement proof of payment. <span style=\"color: blue;\">To be Translated in Spanish (by an Authorised Translator) and Notarized.<\/span><br \/>\n\u2022 If you are economically dependent: letter of responsibility, certificate verifying kinship and economic solvency of the sponsorship. <span style=\"color: blue;\">To be Translated in Spanish (by an Authorised Translator) and Notarized<\/span><\/p>\n<p>8. Invitation letter, if applicable.<\/p>\n<p>A. If you have a personal invitation letter from Panama, kindly also submit the following documents:<\/p>\n<p>i. The Invitee Panamanian\u2019s identity card. <span style=\"color: blue;\">Notarized by a Panamanian Notary Office<\/span><br \/>\nii. The Invitee\u00b4s Passport Copy \u2013 Main Page. <span style=\"color: blue;\">Notarized by a Panamanian Notary Office<\/span><br \/>\niii. Address Proof by presenting latest utilities bill (electricity bill \/ water bill \/ telephone landline bill) from Panama stating the address of the responsible person.<br \/>\niv. Proof of economic solvency that can be one of the following:<\/p>\n<p>1. Bank certification.<br \/>\n2. Income statement showing good standing.<br \/>\n3. Work letter with the last filed Social Security Fund in the case of Natural Persons.<\/p>\n<p>B. If you have an invitation letter issued by a private company in Panama, please also submit the following documents:<\/p>\n<p>i. Certification of the Public Registry. Certificaci\u00f3n del Registro P\u00fablico. <span style=\"color: blue;\">Notarized by a Panamanian Notary Office<\/span><br \/>\nii. Copy of the Notice of Operations. Copia del Aviso de Operaciones. <span style=\"color: blue;\">Notarized by a Panamanian Notary Office<\/span><br \/>\niii. Copy of the operating code of the Colon Free Zone (if applicable). Copia de la clave de operaci\u00f3n de la Zona Libre de Colon (si procede). <span style=\"color: blue;\">Notarized by a Panamanian Notary Office<\/span><br \/>\niv. Copy of receipt of payment for the provision of public services where the location of the company responsible is recorded. Copia de recibo de pago por la prestaci\u00f3n de servicios p\u00fablicos donde conste la ubicaci\u00f3n de la empresa responsable. <span style=\"color: blue;\">Notarized by a Panamanian Notary Office<\/span><br \/>\nv. Bank certification \/ income statement showing good standing \/ work letter with the last filed Social Security Fund in the case of natural persons. Certificaci\u00f3n bancario \/ declaraci\u00f3n de renta con su paz y salvo \/ carta de trabajo con \u00faltima ficha de la Caja de Seguro Social en el caso de personas naturales.<\/p>\n<p><b>PAYMENT INFORMATION<\/b><br \/>\nThe Visa fee is of $60.00 ($50.00 Visa +$10.00 Consular Charges) payable to the Consulate General of Panama bank account via bank wire on the day of the appointment (details to be shared in person).<\/p>\n<p><b>NOTE:<\/b><br \/>\n\u2022 Please bring the Original of all the documents and a set of A4 sized photocopy.<br \/>\n\u2022 The passport must have one entire blank page to issue the visa.<br \/>\n\u2022 Except for the passport, ALL documents mentioned above need to be translated into Spanish and Notarized, including the Identity Card, bank statement, company letter by a certified institute\/person. Translations done through online platforms (Google Translate, etc.) will not be accepted.<br \/>\n\u2022 Economic solvency needs to be converted to US dollars by a competent entity (your bank) and notarized by the competent authorities.<br \/>\n\u2022 The Consulate General of Panama in Mumbai only accepts visa applications directly from the applicants. Not any third parties.<br \/>\n\u2022 If the Visa is approved, an Officer from the Consulate will call to make an appointment to deliver the VISA. You must bring your passport in order for your VISA to be stamped.<br \/>\n\u2022 The Consulate does not issue E-Visas through any webpage, travel agency, or any other location.<br \/>\nThe Visa application process might take up to 3 months, please arrange your appointment on time before your travel.[\/vc_column_text]<div class=\" ubtn-ctn-center \"><a class=\"ubtn-link ult-adjust-bottom-margin ubtn-center ubtn-large \" href=\"https:\/\/tramites.migracion.gob.pa\/portal_migracion_digital\/views\/visa_india_consulados.php\" ><button type=\"button\" id=\"ubtn-2055\"  class=\"ubtn ult-adjust-bottom-margin ult-responsive ubtn-large ubtn-fade-bg  ulta-push  ubtn-center   tooltip-69f0d9e4e8925\"  data-hover=\"\" data-border-color=\"\" data-bg=\"#1e73be\" data-hover-bg=\"\" data-border-hover=\"\" data-shadow-hover=\"\" data-shadow-click=\"none\" data-shadow=\"\" data-shd-shadow=\"\"  data-ultimate-target='#ubtn-2055'  data-responsive-json-new='{\"font-size\":\"desktop:16px;tablet:12px;tablet_portrait:10px;mobile_landscape:8px;mobile:6px;\",\"line-height\":\"\"}'  style=\"font-weight:bold;border:none;background: #1e73be;color: #ffffff;\"><span class=\"ubtn-hover\" style=\"background-color:\"><\/span><span class=\"ubtn-data ubtn-text \" >SCHEDULE AN INTERVIEW After verifying that you comply with all the requirements, make an appointment HERE<\/span><\/button><\/a><\/div>[vc_column_text]<strong>VISA EXEMPTION<\/strong><\/p>\n<p>There is a Law in effect regarding tourist visas for entering the Republic of Panama; EXECUTIVE DECREE # 521 states that:<\/p>\n<p>Passport holders of any country that have one of the following:\u00a0 <strong>Residence Card or a valid multiple entry visa<\/strong> (that has been previously used), from the Canada, the United States of America, the Commonwealth of Australia, the Republic of Korea, the State of Japan, the United Kingdom of Great Britain and Northern Ireland, Republic of Singapore and any of the States that make up the European Union do not require a visa to enter Panama.<\/p>\n<p>The visa granted by the countries mentioned above must be a multiple entry visa, has been used previously in the territory of the granting State and its validity shall not be less than <strong>six (6) months<\/strong> at the time of entering Panamanian territory<\/p>\n<p>If you meet the following requirements, you will qualify for the aforementioned decree:<\/p>\n<ul>\n<li>Has a valid passport with a minimum of six months validity.<\/li>\n<li>Has a multiple entry visa with six (6) months of remaining validity from ONE of the following countries: Canada, United States of America, Commonwealth of Australia, Republic of Korea, State of Japan, United Kingdom of Great Britain and Ireland North, Republic of Singapore and any of the States that make up the European Union.<\/li>\n<li>You must have used this visa to enter the country. For example, if you have a visa from the United States, you must have entered the United States with that visa in order to qualify for the exemption.<\/li>\n<li>You must also show proof of economic solvency for a minimum of US $ 500.00 upon entering. NOTE: Make sure you have a minimum of three months of validity in your passport and a round-trip ticket.<\/li>\n<\/ul>\n<p>For further information please access the following link which contains a copy of the law decree:<\/p>\n<p><a href=\"https:\/\/panamamissionindia.com\/wp-content\/uploads\/2022\/06\/Decreto-Ingresar-a-Panama\u0301-con-otras-Visas.pdf\"><strong><img loading=\"lazy\" decoding=\"async\" class=\"wp-image-1907 alignnone\" src=\"https:\/\/panamamissionindia.com\/wp-content\/uploads\/2021\/03\/pdf.png\" alt=\"\" width=\"61\" height=\"61\" srcset=\"https:\/\/panamamissionindia.com\/oldnews\/wp-content\/uploads\/2021\/03\/pdf.png 204w, https:\/\/panamamissionindia.com\/oldnews\/wp-content\/uploads\/2021\/03\/pdf-150x150.png 150w\" sizes=\"auto, (max-width: 61px) 100vw, 61px\" \/><\/strong><\/a><\/p>\n<p><strong>LUGGAGE TRANSFER<\/strong><\/p>\n<p>Your luggage transfer while transiting Panama, must be coordinated directly with your airline.<\/p>\n<p><strong>SEAFARER VISA<\/strong><\/p>\n<p>The Consulate General of Panama in Mumbai does not process this type of visa. The seafarer&#8217;s visa is requested through the representative or ship&#8217;s agent before the National Immigration Service directly in Panama.[\/vc_column_text][\/vc_column][\/vc_row]<\/p>\n","protected":false},"excerpt":{"rendered":"<p>[vc_row][vc_column][vc_raw_html]JTNDbWFycXVlZSUyMHdpZHRoJTNEJTIyMTAwJTI1JTIyJTIwZGlyZWN0aW9uJTNEJTIybGVmdCUyMiUyMGhlaWdodCUzRCUyMjMwcHglMjIlMjBzdHlsZSUzRCUyMiUwQSUyMCUyMCUyMCUyMGJhY2tncm91bmQlM0ElMjB5ZWxsb3clM0IlMEElMjAlMjAlMjAlMjBwYWRkaW5nLXRvcCUzQSUyMDVweCUzQiUwQSUyMiUzRSUzQ2IlM0UlMEFJbXBvcnRhbnQlMjBJbmZvcm1hdGlvbiUzQSUyMFBsZWFzZSUyMG5vdGUlMjB0aGF0JTIwYXBwbGljYXRpb25zJTIwZm9yJTIwVmlzYSUyMGluJTIwSW5kaWElMjBhcmUlMjBPTkxZJTIwbWFkZSUyMGF0JTIwdGhlJTIwQ29uc3VsYXRlJTIwR2VuZXJhbCUyMG9mJTIwUGFuYW1hJTIwaW4lMjBNdW1iYWkuJTIwQXBwbGljYW50cyUyMG11c3QlMjBjb250YWN0JTIwdXMlMjBkaXJlY3RseSUyMGZvciUyMHRoZWlyJTIwdmlzYSUyMGFwcGxpY2F0aW9uJTIwYW5kJTIwZW5xdWlyaWVzLiUzQyUyRmIlM0UlMEElM0MlMkZtYXJxdWVlJTNF[\/vc_raw_html][\/vc_column][\/vc_row][vc_row][vc_column][vc_column_text]Currently, the visa services in our Panama Consular Missions in India are suspended. Once the visa application process gets reestablished, the Consulate will announce it on the website. Actualmente, los servicios de visa en nuestras Misiones Consulares de Panam\u00e1 en la India se encuentran suspendidos. Una vez que se restablezca el proceso de solicitud de&hellip;<\/p>\n","protected":false},"author":1,"featured_media":0,"parent":0,"menu_order":0,"comment_status":"closed","ping_status":"closed","template":"","meta":{"_themeisle_gutenberg_block_has_review":false},"class_list":["post-1906","page","type-page","status-publish","hentry","description-off"],"yoast_head":"<!-- This site is optimized with the Yoast SEO plugin v22.5 - https:\/\/yoast.com\/wordpress\/plugins\/seo\/ -->\n<title>Panama Transit Visa for Indian: Essential Guide<\/title>\n<meta name=\"description\" content=\"Get your Panama transit visa hassle-free! Explore Panama visa for Indians. Quick processing, expert assistance. Plan your journey now!&quot;\" \/>\n<meta name=\"robots\" content=\"index, follow, max-snippet:-1, max-image-preview:large, max-video-preview:-1\" \/>\n<link rel=\"canonical\" href=\"https:\/\/panamamissionindia.com\/oldnews\/visa-information\/\" \/>\n<meta property=\"og:locale\" content=\"en_US\" \/>\n<meta property=\"og:type\" content=\"article\" \/>\n<meta property=\"og:title\" content=\"Panama Transit Visa for Indian: Essential Guide\" \/>\n<meta property=\"og:description\" content=\"Get your Panama transit visa hassle-free! Explore Panama visa for Indians. Quick processing, expert assistance. Plan your journey now!&quot;\" \/>\n<meta property=\"og:url\" content=\"https:\/\/panamamissionindia.com\/oldnews\/visa-information\/\" \/>\n<meta property=\"og:site_name\" content=\"Panama Consulate\" \/>\n<meta property=\"article:modified_time\" content=\"2025-04-21T08:10:30+00:00\" \/>\n<meta property=\"og:image\" content=\"https:\/\/panamamissionindia.com\/wp-content\/uploads\/2021\/03\/pdf.png\" \/>\n<meta name=\"twitter:card\" content=\"summary_large_image\" \/>\n<meta name=\"twitter:label1\" content=\"Est. reading time\" \/>\n\t<meta name=\"twitter:data1\" content=\"9 minutes\" \/>\n<script type=\"application\/ld+json\" class=\"yoast-schema-graph\">{\"@context\":\"https:\/\/schema.org\",\"@graph\":[{\"@type\":\"WebPage\",\"@id\":\"https:\/\/panamamissionindia.com\/oldnews\/visa-information\/\",\"url\":\"https:\/\/panamamissionindia.com\/oldnews\/visa-information\/\",\"name\":\"Panama Transit Visa for Indian: Essential Guide\",\"isPartOf\":{\"@id\":\"https:\/\/panamamissionindia.com\/oldnews\/#website\"},\"primaryImageOfPage\":{\"@id\":\"https:\/\/panamamissionindia.com\/oldnews\/visa-information\/#primaryimage\"},\"image\":{\"@id\":\"https:\/\/panamamissionindia.com\/oldnews\/visa-information\/#primaryimage\"},\"thumbnailUrl\":\"https:\/\/panamamissionindia.com\/wp-content\/uploads\/2021\/03\/pdf.png\",\"datePublished\":\"2021-03-06T10:08:53+00:00\",\"dateModified\":\"2025-04-21T08:10:30+00:00\",\"description\":\"Get your Panama transit visa hassle-free! Explore Panama visa for Indians. Quick processing, expert assistance. Plan your journey now!\\\"\",\"breadcrumb\":{\"@id\":\"https:\/\/panamamissionindia.com\/oldnews\/visa-information\/#breadcrumb\"},\"inLanguage\":\"en-US\",\"potentialAction\":[{\"@type\":\"ReadAction\",\"target\":[\"https:\/\/panamamissionindia.com\/oldnews\/visa-information\/\"]}]},{\"@type\":\"ImageObject\",\"inLanguage\":\"en-US\",\"@id\":\"https:\/\/panamamissionindia.com\/oldnews\/visa-information\/#primaryimage\",\"url\":\"https:\/\/panamamissionindia.com\/wp-content\/uploads\/2021\/03\/pdf.png\",\"contentUrl\":\"https:\/\/panamamissionindia.com\/wp-content\/uploads\/2021\/03\/pdf.png\"},{\"@type\":\"BreadcrumbList\",\"@id\":\"https:\/\/panamamissionindia.com\/oldnews\/visa-information\/#breadcrumb\",\"itemListElement\":[{\"@type\":\"ListItem\",\"position\":1,\"name\":\"Home\",\"item\":\"https:\/\/panamamissionindia.com\/oldnews\/\"},{\"@type\":\"ListItem\",\"position\":2,\"name\":\"Visa Information\"}]},{\"@type\":\"WebSite\",\"@id\":\"https:\/\/panamamissionindia.com\/oldnews\/#website\",\"url\":\"https:\/\/panamamissionindia.com\/oldnews\/\",\"name\":\"Panama Consulate\",\"description\":\"Panama Consulate Mumbai\",\"potentialAction\":[{\"@type\":\"SearchAction\",\"target\":{\"@type\":\"EntryPoint\",\"urlTemplate\":\"https:\/\/panamamissionindia.com\/oldnews\/?s={search_term_string}\"},\"query-input\":\"required name=search_term_string\"}],\"inLanguage\":\"en-US\"}]}<\/script>\n<!-- \/ Yoast SEO plugin. -->","yoast_head_json":{"title":"Panama Transit Visa for Indian: Essential Guide","description":"Get your Panama transit visa hassle-free! Explore Panama visa for Indians. Quick processing, expert assistance. Plan your journey now!\"","robots":{"index":"index","follow":"follow","max-snippet":"max-snippet:-1","max-image-preview":"max-image-preview:large","max-video-preview":"max-video-preview:-1"},"canonical":"https:\/\/panamamissionindia.com\/oldnews\/visa-information\/","og_locale":"en_US","og_type":"article","og_title":"Panama Transit Visa for Indian: Essential Guide","og_description":"Get your Panama transit visa hassle-free! Explore Panama visa for Indians. Quick processing, expert assistance. Plan your journey now!\"","og_url":"https:\/\/panamamissionindia.com\/oldnews\/visa-information\/","og_site_name":"Panama Consulate","article_modified_time":"2025-04-21T08:10:30+00:00","og_image":[{"url":"https:\/\/panamamissionindia.com\/wp-content\/uploads\/2021\/03\/pdf.png"}],"twitter_card":"summary_large_image","twitter_misc":{"Est. reading time":"9 minutes"},"schema":{"@context":"https:\/\/schema.org","@graph":[{"@type":"WebPage","@id":"https:\/\/panamamissionindia.com\/oldnews\/visa-information\/","url":"https:\/\/panamamissionindia.com\/oldnews\/visa-information\/","name":"Panama Transit Visa for Indian: Essential Guide","isPartOf":{"@id":"https:\/\/panamamissionindia.com\/oldnews\/#website"},"primaryImageOfPage":{"@id":"https:\/\/panamamissionindia.com\/oldnews\/visa-information\/#primaryimage"},"image":{"@id":"https:\/\/panamamissionindia.com\/oldnews\/visa-information\/#primaryimage"},"thumbnailUrl":"https:\/\/panamamissionindia.com\/wp-content\/uploads\/2021\/03\/pdf.png","datePublished":"2021-03-06T10:08:53+00:00","dateModified":"2025-04-21T08:10:30+00:00","description":"Get your Panama transit visa hassle-free! Explore Panama visa for Indians. Quick processing, expert assistance. Plan your journey now!\"","breadcrumb":{"@id":"https:\/\/panamamissionindia.com\/oldnews\/visa-information\/#breadcrumb"},"inLanguage":"en-US","potentialAction":[{"@type":"ReadAction","target":["https:\/\/panamamissionindia.com\/oldnews\/visa-information\/"]}]},{"@type":"ImageObject","inLanguage":"en-US","@id":"https:\/\/panamamissionindia.com\/oldnews\/visa-information\/#primaryimage","url":"https:\/\/panamamissionindia.com\/wp-content\/uploads\/2021\/03\/pdf.png","contentUrl":"https:\/\/panamamissionindia.com\/wp-content\/uploads\/2021\/03\/pdf.png"},{"@type":"BreadcrumbList","@id":"https:\/\/panamamissionindia.com\/oldnews\/visa-information\/#breadcrumb","itemListElement":[{"@type":"ListItem","position":1,"name":"Home","item":"https:\/\/panamamissionindia.com\/oldnews\/"},{"@type":"ListItem","position":2,"name":"Visa Information"}]},{"@type":"WebSite","@id":"https:\/\/panamamissionindia.com\/oldnews\/#website","url":"https:\/\/panamamissionindia.com\/oldnews\/","name":"Panama Consulate","description":"Panama Consulate Mumbai","potentialAction":[{"@type":"SearchAction","target":{"@type":"EntryPoint","urlTemplate":"https:\/\/panamamissionindia.com\/oldnews\/?s={search_term_string}"},"query-input":"required name=search_term_string"}],"inLanguage":"en-US"}]}},"_links":{"self":[{"href":"https:\/\/panamamissionindia.com\/oldnews\/wp-json\/wp\/v2\/pages\/1906","targetHints":{"allow":["GET"]}}],"collection":[{"href":"https:\/\/panamamissionindia.com\/oldnews\/wp-json\/wp\/v2\/pages"}],"about":[{"href":"https:\/\/panamamissionindia.com\/oldnews\/wp-json\/wp\/v2\/types\/page"}],"author":[{"embeddable":true,"href":"https:\/\/panamamissionindia.com\/oldnews\/wp-json\/wp\/v2\/users\/1"}],"replies":[{"embeddable":true,"href":"https:\/\/panamamissionindia.com\/oldnews\/wp-json\/wp\/v2\/comments?post=1906"}],"version-history":[{"count":23,"href":"https:\/\/panamamissionindia.com\/oldnews\/wp-json\/wp\/v2\/pages\/1906\/revisions"}],"predecessor-version":[{"id":5055,"href":"https:\/\/panamamissionindia.com\/oldnews\/wp-json\/wp\/v2\/pages\/1906\/revisions\/5055"}],"wp:attachment":[{"href":"https:\/\/panamamissionindia.com\/oldnews\/wp-json\/wp\/v2\/media?parent=1906"}],"curies":[{"name":"wp","href":"https:\/\/api.w.org\/{rel}","templated":true}]}}