{"id":1889,"date":"2021-03-06T07:49:09","date_gmt":"2021-03-06T07:49:09","guid":{"rendered":"https:\/\/panamamissionindia.com\/?page_id=1889"},"modified":"2023-04-18T09:43:31","modified_gmt":"2023-04-18T09:43:31","slug":"travel-document","status":"publish","type":"page","link":"https:\/\/panamamissionindia.com\/oldnews\/travel-document\/","title":{"rendered":"Travel Document"},"content":{"rendered":"<p>[vc_row type=&#8221;vc_default&#8221;][vc_column css=&#8221;.vc_custom_1498229431694{padding-bottom: 50px !important;}&#8221;][vc_column_text]This document will allow you to travel only to Panama in case you do not have a valid passport or it will soon expire.<\/p>\n<p>Subsequently, you must arrange the passport renewal in the offices of Autoridad de Pasaporte de Panama and your cedula if it is expired.<br \/>\n[\/vc_column_text][vc_column_text]<\/p>\n<h3>REQUIREMENTS:<\/h3>\n<ol>\n<li>Passport expired or soon to expire. If loss, file a police report or loss form with the Consulate<\/li>\n<li>Panamanian ID or valid ID<\/li>\n<li>Copy of birth certificate. 2 2\u00d72 photos with white background<\/li>\n<li>Travel Itinerary<\/li>\n<\/ol>\n<p><strong>Processing time: 3 to 5 business days. <\/strong><\/p>\n<h3>FEES and PAYMENT:<\/h3>\n<ol>\n<li>1. $ 30.00 (directly in Panama request a money order (cheque de Gerencia) in Banco Nacional payable to: FONDO ESPECIAL DE PASAPORTE<\/li>\n<\/ol>\n<p><span style=\"color: #ff0000;\">NOTE: THIS DOCUMENT IS VALID FOR ONLY 30 DAYS.<\/span><\/p>\n<p>Este documento le permitir\u00e1 viajar solo a Panam\u00e1 en caso de que no tenga un pasaporte v\u00e1lido o expire pronto, que ha sido robado o extraviado.<\/p>\n<p>Posteriormente, debe organizar la renovaci\u00f3n del pasaporte en las oficinas de la Autoridad de Pasaporte de Panam\u00e1 y su c\u00e9dula si ha expirado.<\/p>\n<h3>REQUERIMIENTOS:<\/h3>\n<ol>\n<li>El pasaporte expir\u00f3 o pronto expirar\u00e1. En caso de p\u00e9rdida, presente un informe policial o formulario de p\u00e9rdida ante el Consulado. (Copia del informe policial. Debe incluir el n\u00famero de pasaporte que ha sido robado o extraviado. Si usted necesita el n\u00famero, puede llamar a La Direcci\u00f3n Nacional de Pasaportes en el 507-512-2188.)<\/li>\n<li>Identificaci\u00f3n paname\u00f1a (Cedula) o identificaci\u00f3n v\u00e1lida<\/li>\n<li>Copia del certificado de nacimiento. 2 fotos 2\u00d72 con fondo blanco<\/li>\n<li>Itinerario de viaje<\/li>\n<\/ol>\n<p><strong>Tiempo del proceso : 3 a 5 d\u00edas h\u00e1biles.<\/strong><\/p>\n<h3>COSTOS Y FORMA DE PAGO:<\/h3>\n<ol>\n<li>$ 30.00 (directamente en Panam\u00e1 solicite un giro postal (cheque de Gerencia) en el Banco Nacional a nombre de: FONDO ESPECIAL DE PASAPORTE<\/li>\n<\/ol>\n<p><span style=\"color: #ff0000;\">NOTA: ESTE DOCUMENTO ES V\u00c1LIDO POR SOLO 30 D\u00cdAS.<\/span>[\/vc_column_text][\/vc_column][\/vc_row]<\/p>\n","protected":false},"excerpt":{"rendered":"<p>[vc_row type=&#8221;vc_default&#8221;][vc_column css=&#8221;.vc_custom_1498229431694{padding-bottom: 50px !important;}&#8221;][vc_column_text]This document will allow you to travel only to Panama in case you do not have a valid passport or it will soon expire. Subsequently, you must arrange the passport renewal in the offices of Autoridad de Pasaporte de Panama and your cedula if it is expired. [\/vc_column_text][vc_column_text] REQUIREMENTS: Passport expired&hellip;<\/p>\n","protected":false},"author":1,"featured_media":0,"parent":0,"menu_order":0,"comment_status":"closed","ping_status":"closed","template":"","meta":{"_themeisle_gutenberg_block_has_review":false},"class_list":["post-1889","page","type-page","status-publish","hentry","description-off"],"yoast_head":"<!-- This site is optimized with the Yoast SEO plugin v22.5 - https:\/\/yoast.com\/wordpress\/plugins\/seo\/ -->\n<title>Panama Consulate and Embassy in Mumbai | Travel Documents<\/title>\n<meta name=\"description\" content=\"Find information about the Panama consulate and embassy in Mumbai, and how to use travel documents for your visit. Contact details and visa requirements\u00a0included.\" \/>\n<meta name=\"robots\" content=\"index, follow, max-snippet:-1, max-image-preview:large, max-video-preview:-1\" \/>\n<link rel=\"canonical\" href=\"https:\/\/panamamissionindia.com\/oldnews\/travel-document\/\" \/>\n<meta property=\"og:locale\" content=\"en_US\" \/>\n<meta property=\"og:type\" content=\"article\" \/>\n<meta property=\"og:title\" content=\"Panama Consulate and Embassy in Mumbai | Travel Documents\" \/>\n<meta property=\"og:description\" content=\"Find information about the Panama consulate and embassy in Mumbai, and how to use travel documents for your visit. Contact details and visa requirements\u00a0included.\" \/>\n<meta property=\"og:url\" content=\"https:\/\/panamamissionindia.com\/oldnews\/travel-document\/\" \/>\n<meta property=\"og:site_name\" content=\"Panama Consulate\" \/>\n<meta property=\"article:modified_time\" content=\"2023-04-18T09:43:31+00:00\" \/>\n<meta name=\"twitter:card\" content=\"summary_large_image\" \/>\n<meta name=\"twitter:label1\" content=\"Est. reading time\" \/>\n\t<meta name=\"twitter:data1\" content=\"2 minutes\" \/>\n<script type=\"application\/ld+json\" class=\"yoast-schema-graph\">{\"@context\":\"https:\/\/schema.org\",\"@graph\":[{\"@type\":\"WebPage\",\"@id\":\"https:\/\/panamamissionindia.com\/oldnews\/travel-document\/\",\"url\":\"https:\/\/panamamissionindia.com\/oldnews\/travel-document\/\",\"name\":\"Panama Consulate and Embassy in Mumbai | Travel Documents\",\"isPartOf\":{\"@id\":\"https:\/\/panamamissionindia.com\/oldnews\/#website\"},\"datePublished\":\"2021-03-06T07:49:09+00:00\",\"dateModified\":\"2023-04-18T09:43:31+00:00\",\"description\":\"Find information about the Panama consulate and embassy in Mumbai, and how to use travel documents for your visit. Contact details and visa requirements\u00a0included.\",\"breadcrumb\":{\"@id\":\"https:\/\/panamamissionindia.com\/oldnews\/travel-document\/#breadcrumb\"},\"inLanguage\":\"en-US\",\"potentialAction\":[{\"@type\":\"ReadAction\",\"target\":[\"https:\/\/panamamissionindia.com\/oldnews\/travel-document\/\"]}]},{\"@type\":\"BreadcrumbList\",\"@id\":\"https:\/\/panamamissionindia.com\/oldnews\/travel-document\/#breadcrumb\",\"itemListElement\":[{\"@type\":\"ListItem\",\"position\":1,\"name\":\"Home\",\"item\":\"https:\/\/panamamissionindia.com\/oldnews\/\"},{\"@type\":\"ListItem\",\"position\":2,\"name\":\"Travel Document\"}]},{\"@type\":\"WebSite\",\"@id\":\"https:\/\/panamamissionindia.com\/oldnews\/#website\",\"url\":\"https:\/\/panamamissionindia.com\/oldnews\/\",\"name\":\"Panama Consulate\",\"description\":\"Panama Consulate Mumbai\",\"potentialAction\":[{\"@type\":\"SearchAction\",\"target\":{\"@type\":\"EntryPoint\",\"urlTemplate\":\"https:\/\/panamamissionindia.com\/oldnews\/?s={search_term_string}\"},\"query-input\":\"required name=search_term_string\"}],\"inLanguage\":\"en-US\"}]}<\/script>\n<!-- \/ Yoast SEO plugin. -->","yoast_head_json":{"title":"Panama Consulate and Embassy in Mumbai | Travel Documents","description":"Find information about the Panama consulate and embassy in Mumbai, and how to use travel documents for your visit. Contact details and visa requirements\u00a0included.","robots":{"index":"index","follow":"follow","max-snippet":"max-snippet:-1","max-image-preview":"max-image-preview:large","max-video-preview":"max-video-preview:-1"},"canonical":"https:\/\/panamamissionindia.com\/oldnews\/travel-document\/","og_locale":"en_US","og_type":"article","og_title":"Panama Consulate and Embassy in Mumbai | Travel Documents","og_description":"Find information about the Panama consulate and embassy in Mumbai, and how to use travel documents for your visit. Contact details and visa requirements\u00a0included.","og_url":"https:\/\/panamamissionindia.com\/oldnews\/travel-document\/","og_site_name":"Panama Consulate","article_modified_time":"2023-04-18T09:43:31+00:00","twitter_card":"summary_large_image","twitter_misc":{"Est. reading time":"2 minutes"},"schema":{"@context":"https:\/\/schema.org","@graph":[{"@type":"WebPage","@id":"https:\/\/panamamissionindia.com\/oldnews\/travel-document\/","url":"https:\/\/panamamissionindia.com\/oldnews\/travel-document\/","name":"Panama Consulate and Embassy in Mumbai | Travel Documents","isPartOf":{"@id":"https:\/\/panamamissionindia.com\/oldnews\/#website"},"datePublished":"2021-03-06T07:49:09+00:00","dateModified":"2023-04-18T09:43:31+00:00","description":"Find information about the Panama consulate and embassy in Mumbai, and how to use travel documents for your visit. Contact details and visa requirements\u00a0included.","breadcrumb":{"@id":"https:\/\/panamamissionindia.com\/oldnews\/travel-document\/#breadcrumb"},"inLanguage":"en-US","potentialAction":[{"@type":"ReadAction","target":["https:\/\/panamamissionindia.com\/oldnews\/travel-document\/"]}]},{"@type":"BreadcrumbList","@id":"https:\/\/panamamissionindia.com\/oldnews\/travel-document\/#breadcrumb","itemListElement":[{"@type":"ListItem","position":1,"name":"Home","item":"https:\/\/panamamissionindia.com\/oldnews\/"},{"@type":"ListItem","position":2,"name":"Travel Document"}]},{"@type":"WebSite","@id":"https:\/\/panamamissionindia.com\/oldnews\/#website","url":"https:\/\/panamamissionindia.com\/oldnews\/","name":"Panama Consulate","description":"Panama Consulate Mumbai","potentialAction":[{"@type":"SearchAction","target":{"@type":"EntryPoint","urlTemplate":"https:\/\/panamamissionindia.com\/oldnews\/?s={search_term_string}"},"query-input":"required name=search_term_string"}],"inLanguage":"en-US"}]}},"_links":{"self":[{"href":"https:\/\/panamamissionindia.com\/oldnews\/wp-json\/wp\/v2\/pages\/1889","targetHints":{"allow":["GET"]}}],"collection":[{"href":"https:\/\/panamamissionindia.com\/oldnews\/wp-json\/wp\/v2\/pages"}],"about":[{"href":"https:\/\/panamamissionindia.com\/oldnews\/wp-json\/wp\/v2\/types\/page"}],"author":[{"embeddable":true,"href":"https:\/\/panamamissionindia.com\/oldnews\/wp-json\/wp\/v2\/users\/1"}],"replies":[{"embeddable":true,"href":"https:\/\/panamamissionindia.com\/oldnews\/wp-json\/wp\/v2\/comments?post=1889"}],"version-history":[{"count":4,"href":"https:\/\/panamamissionindia.com\/oldnews\/wp-json\/wp\/v2\/pages\/1889\/revisions"}],"predecessor-version":[{"id":1922,"href":"https:\/\/panamamissionindia.com\/oldnews\/wp-json\/wp\/v2\/pages\/1889\/revisions\/1922"}],"wp:attachment":[{"href":"https:\/\/panamamissionindia.com\/oldnews\/wp-json\/wp\/v2\/media?parent=1889"}],"curies":[{"name":"wp","href":"https:\/\/api.w.org\/{rel}","templated":true}]}}